{"id":943,"date":"2012-09-20T22:22:55","date_gmt":"2012-09-20T20:22:55","guid":{"rendered":"http:\/\/stomatologicolariano.com\/?page_id=943"},"modified":"2017-07-15T16:27:08","modified_gmt":"2017-07-15T14:27:08","slug":"clinica-odontostomatologica","status":"publish","type":"page","link":"https:\/\/stomatologicolariano.com\/it\/clinica-odontostomatologica\/","title":{"rendered":"Clinica Odontostomatologica"},"content":{"rendered":"<p><a href=\"http:\/\/stomatologicolariano.com\/wp-content\/uploads\/2012\/02\/studi3.jpg\"><img loading=\"lazy\" class=\"alignnone size-full wp-image-730\" title=\"studi\" src=\"http:\/\/stomatologicolariano.com\/wp-content\/uploads\/2012\/02\/studi3.jpg\" alt=\"\" width=\"583\" height=\"226\" srcset=\"https:\/\/stomatologicolariano.com\/wp-content\/uploads\/2012\/02\/studi3.jpg 583w, https:\/\/stomatologicolariano.com\/wp-content\/uploads\/2012\/02\/studi3-300x116.jpg 300w\" sizes=\"(max-width: 583px) 100vw, 583px\" \/><\/a><\/p>\n<p><strong>Cerchi un dentista? Perch\u00e9 non una Clinica Odontostomatologica?<\/strong><\/p>\n<p>Stomatologico Lariano \u00e8 una clinica odontoiatrica la cui filosofia \u00e8 pi\u00f9 ampia del semplice lavoro eseguito da un dentista: presupposto fondamentale dei nostri Centri sono la qualit\u00e0 e la rapidit\u00e0 della terapia eseguita sui pazienti.<\/p>\n<p>Passione, esperienza, professionalit\u00e0, disponibilit\u00e0 e capacit\u00e0 di \u201cascoltare\u201d i pazienti sono le virt\u00f9 che ci permettono di instaurare un &#8220;rapporto di reciproca fiducia&#8221;, valore fondamentale per il raggiungimento della piena soddisfazione del paziente.<\/p>\n<p>Quali sono le nostre specializzazioni?<\/p>\n<ul>\n<li>Implantologia a Carico Immediato<\/li>\n<li>Protesi fissa e mobile<\/li>\n<li>Chirurgia Orale<\/li>\n<li>Igiene orale<\/li>\n<li>Parodontologia<\/li>\n<li>Ortodonzia<\/li>\n<li>Estetica Dentale<\/li>\n<li>Pedodonzia (cura dei bambini)<\/li>\n<li>Cura delle Carie<\/li>\n<li>Devitalizzazioni<\/li>\n<li>Gnatologia<\/li>\n<li>Stabilometria<\/li>\n<li>Sedazione con Anestesista<\/li>\n<li>Serramento e Bruxismo<\/li>\n<li>Radiologia Computerizzata<\/li>\n<li>Medicina e Chirurgia Estetica<\/li>\n<li>Fitness<\/li>\n<\/ul>\n<p>Negli ultimi dieci anni lo <strong>Stomatologico Lariano<\/strong> si \u00e8 specializzato in particolare nell\u2019<strong>Implantologia<\/strong> <strong>a Carico Immediato<\/strong>, tecnica che permette gi\u00e0 poche ore dopo l\u2019inserimento di uno o pi\u00f9 impianti di ripristinare l\u2019immediata funzione masticatoria in un\u2019unica seduta: la tecnica permette di inserire contestualmente alla chirurgia una protesi fissa.<\/p>\n<p><strong>L\u2019innovativa tecnica consente di inserire quattro impianti e una protesi fissa nella<\/strong> <strong>medesima giornata<\/strong> anche in quei pazienti\u00a0 con gravi atrofie dei mascellari senza innesti di osso<strong>: il vostro dentista vi ha detto che \u201c non c\u2019\u00e8 osso per mettere impianti e per mettere una protesi fissa\u201d ?<\/strong><\/p>\n<p>Spesso la vera causa non \u00e8 la \u201cmancanza di osso\u201d ma la mancanza di esperienza nel saper pianificare ed eseguire\u00a0 una riabilitazione dal punto di vista chirurgico e protesico in situazioni di grave atrofia ossea.<\/p>\n<p>CI OCCUPIAMO ANCHE DELL&#8217;OSPITALITA&#8217; DEI NOSTRI PAZIENTI:<\/p>\n<p><a title=\"Convenzioni strutture adiacenti\" href=\"http:\/\/stomatologicolariano.com\/convenzioni-strutture-adiacenti\/\">SCOPRI LE CONVENZIONI CON LE STRUTTURE ADIACENTI\u00a0<\/a><\/p>","protected":false},"excerpt":{"rendered":"<p>Cerchi un dentista? Perch\u00e9 non una Clinica Odontostomatologica? Stomatologico Lariano \u00e8 una clinica odontoiatrica la cui filosofia \u00e8 pi\u00f9 ampia del semplice lavoro eseguito da un dentista: presupposto fondamentale dei nostri Centri sono la qualit\u00e0 e la rapidit\u00e0 della terapia eseguita sui pazienti. Passione, esperienza, professionalit\u00e0, disponibilit\u00e0 e capacit\u00e0 di \u201cascoltare\u201d i pazienti sono le [&hellip;]<\/p>\n","protected":false},"author":1,"featured_media":0,"parent":0,"menu_order":0,"comment_status":"open","ping_status":"open","template":"","meta":[],"_links":{"self":[{"href":"https:\/\/stomatologicolariano.com\/it\/wp-json\/wp\/v2\/pages\/943"}],"collection":[{"href":"https:\/\/stomatologicolariano.com\/it\/wp-json\/wp\/v2\/pages"}],"about":[{"href":"https:\/\/stomatologicolariano.com\/it\/wp-json\/wp\/v2\/types\/page"}],"author":[{"embeddable":true,"href":"https:\/\/stomatologicolariano.com\/it\/wp-json\/wp\/v2\/users\/1"}],"replies":[{"embeddable":true,"href":"https:\/\/stomatologicolariano.com\/it\/wp-json\/wp\/v2\/comments?post=943"}],"version-history":[{"count":12,"href":"https:\/\/stomatologicolariano.com\/it\/wp-json\/wp\/v2\/pages\/943\/revisions"}],"predecessor-version":[{"id":2026,"href":"https:\/\/stomatologicolariano.com\/it\/wp-json\/wp\/v2\/pages\/943\/revisions\/2026"}],"wp:attachment":[{"href":"https:\/\/stomatologicolariano.com\/it\/wp-json\/wp\/v2\/media?parent=943"}],"curies":[{"name":"wp","href":"https:\/\/api.w.org\/{rel}","templated":true}]}}