{"id":61,"date":"2012-02-13T20:54:36","date_gmt":"2012-02-13T19:54:36","guid":{"rendered":"http:\/\/stomatologicolariano.com\/?page_id=61"},"modified":"2017-07-15T16:36:17","modified_gmt":"2017-07-15T14:36:17","slug":"come-prenotare","status":"publish","type":"page","link":"https:\/\/stomatologicolariano.com\/it\/segreteria\/come-prenotare\/","title":{"rendered":"Come prenotare"},"content":{"rendered":"<p><\/p>\n<p><a href=\"http:\/\/stomatologicolariano.com\/wp-content\/uploads\/2012\/02\/prenota.jpg\"><img loading=\"lazy\" class=\"alignnone size-full wp-image-260\" title=\"prenota\" alt=\"\" src=\"http:\/\/stomatologicolariano.com\/wp-content\/uploads\/2012\/02\/prenota.jpg\" width=\"583\" height=\"226\" srcset=\"https:\/\/stomatologicolariano.com\/wp-content\/uploads\/2012\/02\/prenota.jpg 583w, https:\/\/stomatologicolariano.com\/wp-content\/uploads\/2012\/02\/prenota-300x116.jpg 300w\" sizes=\"(max-width: 583px) 100vw, 583px\" \/><\/a><\/p>\n<p>Consigliamo ai medici che vogliano inviare un paziente, per un intervento o per una consulenza, di munirlo di una lettera di accompagnamento in modo tale da avere un riferimento preciso per una eventuale telefonata o lettera di risposta al medico curante.<\/p>\n<p>Durante la prenotazione l\u2019odontoiatra o il chirurgo dovr\u00e0 precisare se l\u2019intervento che intende praticare \u00e8 di tipo :<\/p>\n<ul>\n<li>Odontoiatrico: trattamento dentale e\/o protesico<\/li>\n<li>Chirurgia maxillo-facciale<\/li>\n<li>Implantologico<\/li>\n<li>\u00a0Protesi fissa su 4 impianti \u00a0( \u201c denti fissi in 1 giorno \u201c )<\/li>\n<li>\u00a0Chirurgia Parodontale<\/li>\n<li>\u00a0Bonifica del cavo orale \u2013 Riabilitazione<\/li>\n<li>\u00a0Disabili<\/li>\n<\/ul>\n<p>Sar\u00e0 anche da valutare se l\u2019intervento verr\u00e0 effettuato in assistenza anestesiologica. Il personale avr\u00e0 cos\u00ec la possibilit\u00e0 di preparare adeguatamente la sala operatoria , il tipo di strumentario ed il materiale adatto all&#8217;intervento.<\/p>\n<p><\/p>","protected":false},"excerpt":{"rendered":"<p>Consigliamo ai medici che vogliano inviare un paziente, per un intervento o per una consulenza, di munirlo di una lettera di accompagnamento in modo tale da avere un riferimento preciso per una eventuale telefonata o lettera di risposta al medico curante. Durante la prenotazione l\u2019odontoiatra o il chirurgo dovr\u00e0 precisare se l\u2019intervento che intende praticare [&hellip;]<\/p>\n","protected":false},"author":1,"featured_media":0,"parent":13,"menu_order":30,"comment_status":"open","ping_status":"open","template":"","meta":[],"_links":{"self":[{"href":"https:\/\/stomatologicolariano.com\/it\/wp-json\/wp\/v2\/pages\/61"}],"collection":[{"href":"https:\/\/stomatologicolariano.com\/it\/wp-json\/wp\/v2\/pages"}],"about":[{"href":"https:\/\/stomatologicolariano.com\/it\/wp-json\/wp\/v2\/types\/page"}],"author":[{"embeddable":true,"href":"https:\/\/stomatologicolariano.com\/it\/wp-json\/wp\/v2\/users\/1"}],"replies":[{"embeddable":true,"href":"https:\/\/stomatologicolariano.com\/it\/wp-json\/wp\/v2\/comments?post=61"}],"version-history":[{"count":10,"href":"https:\/\/stomatologicolariano.com\/it\/wp-json\/wp\/v2\/pages\/61\/revisions"}],"predecessor-version":[{"id":2034,"href":"https:\/\/stomatologicolariano.com\/it\/wp-json\/wp\/v2\/pages\/61\/revisions\/2034"}],"up":[{"embeddable":true,"href":"https:\/\/stomatologicolariano.com\/it\/wp-json\/wp\/v2\/pages\/13"}],"wp:attachment":[{"href":"https:\/\/stomatologicolariano.com\/it\/wp-json\/wp\/v2\/media?parent=61"}],"curies":[{"name":"wp","href":"https:\/\/api.w.org\/{rel}","templated":true}]}}