{"id":586,"date":"2012-04-08T13:49:59","date_gmt":"2012-04-08T11:49:59","guid":{"rendered":"http:\/\/stomatologicolariano.com\/?page_id=586"},"modified":"2012-08-01T22:38:18","modified_gmt":"2012-08-01T20:38:18","slug":"couperose","status":"publish","type":"page","link":"https:\/\/stomatologicolariano.com\/it\/medicina-chirurgia-estetica\/medicina-estetica-volto\/couperose\/","title":{"rendered":"Couperose"},"content":{"rendered":"<p><\/p>\n<p><a href=\"http:\/\/stomatologicolariano.com\/wp-content\/uploads\/2012\/04\/couperose.jpg\"><img loading=\"lazy\" class=\"alignnone size-full wp-image-639\" title=\"couperose\" src=\"http:\/\/stomatologicolariano.com\/wp-content\/uploads\/2012\/04\/couperose.jpg\" alt=\"\" width=\"583\" height=\"302\" srcset=\"https:\/\/stomatologicolariano.com\/wp-content\/uploads\/2012\/04\/couperose.jpg 583w, https:\/\/stomatologicolariano.com\/wp-content\/uploads\/2012\/04\/couperose-300x155.jpg 300w\" sizes=\"(max-width: 583px) 100vw, 583px\" \/><\/a><\/p>\n<p>La <strong>Couperose<\/strong> \u00e8 una patologia frequente nel sesso femminile. Compare pi\u00f9 frequentemente dopo la gravidanza, nelle donne che si espongono con assiduit\u00e0 al sole o alle lampade abbronzanti, nel periodo<strong> peri-menopausale<\/strong>, ma soprattutto nei soggetti geneticamente predisposti.<\/p>\n<p>La Medicina Estetica tratta la couperose in prima istanza con la luce pulsata per ottenere il &#8220;<strong>tappeto<\/strong>&#8221; di microvasi <strong>arteriolari<\/strong>.<\/p>\n<p>Nelle sedute successive i vasi residui vengono chiusi con la radiofrequenza e\/o l&#8217;utilizzo del laser a <strong>diodi<\/strong>.<\/p>\n<p>E&#8217; comunque necessario, ogni 3-4 anni, sottoporsi a sedute cosiddette di richiamo, pi\u00f9 frequenti per le signore che si espongono con elevata intensit\u00e0 al sole.<\/p>\n<p><\/p>","protected":false},"excerpt":{"rendered":"<p>La Couperose \u00e8 una patologia frequente nel sesso femminile. Compare pi\u00f9 frequentemente dopo la gravidanza, nelle donne che si espongono con assiduit\u00e0 al sole o alle lampade abbronzanti, nel periodo peri-menopausale, ma soprattutto nei soggetti geneticamente predisposti. La Medicina Estetica tratta la couperose in prima istanza con la luce pulsata per ottenere il &#8220;tappeto&#8221; di [&hellip;]<\/p>\n","protected":false},"author":1,"featured_media":0,"parent":547,"menu_order":0,"comment_status":"open","ping_status":"closed","template":"estetica.php","meta":[],"_links":{"self":[{"href":"https:\/\/stomatologicolariano.com\/it\/wp-json\/wp\/v2\/pages\/586"}],"collection":[{"href":"https:\/\/stomatologicolariano.com\/it\/wp-json\/wp\/v2\/pages"}],"about":[{"href":"https:\/\/stomatologicolariano.com\/it\/wp-json\/wp\/v2\/types\/page"}],"author":[{"embeddable":true,"href":"https:\/\/stomatologicolariano.com\/it\/wp-json\/wp\/v2\/users\/1"}],"replies":[{"embeddable":true,"href":"https:\/\/stomatologicolariano.com\/it\/wp-json\/wp\/v2\/comments?post=586"}],"version-history":[{"count":4,"href":"https:\/\/stomatologicolariano.com\/it\/wp-json\/wp\/v2\/pages\/586\/revisions"}],"predecessor-version":[{"id":888,"href":"https:\/\/stomatologicolariano.com\/it\/wp-json\/wp\/v2\/pages\/586\/revisions\/888"}],"up":[{"embeddable":true,"href":"https:\/\/stomatologicolariano.com\/it\/wp-json\/wp\/v2\/pages\/547"}],"wp:attachment":[{"href":"https:\/\/stomatologicolariano.com\/it\/wp-json\/wp\/v2\/media?parent=586"}],"curies":[{"name":"wp","href":"https:\/\/api.w.org\/{rel}","templated":true}]}}