{"id":57,"date":"2012-02-13T20:54:04","date_gmt":"2012-02-13T19:54:04","guid":{"rendered":"http:\/\/stomatologicolariano.com\/?page_id=57"},"modified":"2017-07-15T16:34:00","modified_gmt":"2017-07-15T14:34:00","slug":"informazioni-e-pagamenti","status":"publish","type":"page","link":"https:\/\/stomatologicolariano.com\/it\/segreteria\/informazioni-e-pagamenti\/","title":{"rendered":"Informazioni e pagamenti"},"content":{"rendered":"<p><a href=\"http:\/\/stomatologicolariano.com\/wp-content\/uploads\/2012\/02\/info.jpg\"><img loading=\"lazy\" class=\"alignnone size-full wp-image-252\" title=\"info\" src=\"http:\/\/stomatologicolariano.com\/wp-content\/uploads\/2012\/02\/info.jpg\" alt=\"\" width=\"583\" height=\"226\" srcset=\"https:\/\/stomatologicolariano.com\/wp-content\/uploads\/2012\/02\/info.jpg 583w, https:\/\/stomatologicolariano.com\/wp-content\/uploads\/2012\/02\/info-300x116.jpg 300w\" sizes=\"(max-width: 583px) 100vw, 583px\" \/><\/a><\/p>\n<h1 style=\"text-align: center;\">Pagamenti in comode rate a tasso zero<\/h1>\n<p>Compass del gruppo Mediobanca, una delle pi\u00f9 affidabili societ\u00e0 finanziarie, puoi prenderti cura del tuo sorriso rimborsando le spese in comode rate mensili (da 36 a 48 mesi) A TASSO ZERO.<br \/>\n<strong>Per informazioni contattate il numero verde: 800-059166<\/strong><\/p>\n<hr \/>\n<p>Lo <strong>Stomatologico Lariano<\/strong>, per rispondere alle diverse esigenze di ogni paziente, ha individuato <strong>diverse modalit\u00e0 di pagamento<\/strong> che possono essere <strong>personalizzate e concordate con la segreteria .<\/strong>I pagamenti potranno essere effettuati con le seguenti modalit\u00e0 :<\/p>\n<ol>\n<li>Contanti, assegno bancario o postale , bancomat , carta di credito<\/li>\n<li>Mediante finanziamento personale a tasso zero rateizzabile a 12, 24, 36, 48 mesi senza limiti di importo presso le pi\u00f9 qualificate societ\u00e0 finanziarie (occorre presentare semplicemente un documento di identit\u00e0 e l\u2019ultima busta paga o il modello 740 se lavoratori autonomi).<\/li>\n<li>Oppure scegliendo il pagamento rateizzato durante il ciclo di cure, con un acconto ed un numero di rate da concordarsi con la segreteria. Le dilazioni dei pagamenti dovranno essere proporzionali all&#8217;entit\u00e0 del lavoro e al tempo necessario per ultimarlo.<\/li>\n<\/ol>\n<p>La nostra segreteria \u00e8 in grado di fornirvi tutte le informazioni , i chiarimenti e le indicazioni necessarie a definire rapidamente qualsiasi tipo di piano di pagamento personalizzato .<\/p>","protected":false},"excerpt":{"rendered":"<p>Pagamenti in comode rate a tasso zero Compass del gruppo Mediobanca, una delle pi\u00f9 affidabili societ\u00e0 finanziarie, puoi prenderti cura del tuo sorriso rimborsando le spese in comode rate mensili (da 36 a 48 mesi) A TASSO ZERO. Per informazioni contattate il numero verde: 800-059166 Lo Stomatologico Lariano, per rispondere alle diverse esigenze di ogni [&hellip;]<\/p>\n","protected":false},"author":1,"featured_media":0,"parent":13,"menu_order":0,"comment_status":"open","ping_status":"open","template":"","meta":[],"_links":{"self":[{"href":"https:\/\/stomatologicolariano.com\/it\/wp-json\/wp\/v2\/pages\/57"}],"collection":[{"href":"https:\/\/stomatologicolariano.com\/it\/wp-json\/wp\/v2\/pages"}],"about":[{"href":"https:\/\/stomatologicolariano.com\/it\/wp-json\/wp\/v2\/types\/page"}],"author":[{"embeddable":true,"href":"https:\/\/stomatologicolariano.com\/it\/wp-json\/wp\/v2\/users\/1"}],"replies":[{"embeddable":true,"href":"https:\/\/stomatologicolariano.com\/it\/wp-json\/wp\/v2\/comments?post=57"}],"version-history":[{"count":14,"href":"https:\/\/stomatologicolariano.com\/it\/wp-json\/wp\/v2\/pages\/57\/revisions"}],"predecessor-version":[{"id":2031,"href":"https:\/\/stomatologicolariano.com\/it\/wp-json\/wp\/v2\/pages\/57\/revisions\/2031"}],"up":[{"embeddable":true,"href":"https:\/\/stomatologicolariano.com\/it\/wp-json\/wp\/v2\/pages\/13"}],"wp:attachment":[{"href":"https:\/\/stomatologicolariano.com\/it\/wp-json\/wp\/v2\/media?parent=57"}],"curies":[{"name":"wp","href":"https:\/\/api.w.org\/{rel}","templated":true}]}}