{"id":413,"date":"2012-03-17T21:11:03","date_gmt":"2012-03-17T20:11:03","guid":{"rendered":"http:\/\/stomatologicolariano.com\/?page_id=413"},"modified":"2019-12-07T10:34:57","modified_gmt":"2019-12-07T09:34:57","slug":"implantologia-senza-bisturi","status":"publish","type":"page","link":"https:\/\/stomatologicolariano.com\/it\/terapie\/implantologia-senza-bisturi\/","title":{"rendered":"Implantologia senza bisturi"},"content":{"rendered":"<p><a href=\"https:\/\/stomatologicolariano.com\/casi-clinici\/implantologia-casi-clinici\/\"><\/p>\n<div class=\"casilink\">CLICCA QUI E SCOPRI I CASI CLINICI<\/div>\n<p><\/a><\/p>\n<div style=\"clear:both;\"><\/div>\n<p><img loading=\"lazy\" class=\"alignleft size-full wp-image-1869\" src=\"http:\/\/stomatologicolariano.com\/wp-content\/uploads\/2012\/03\/guida.jpg\" alt=\"guida\" width=\"953\" height=\"278\" srcset=\"https:\/\/stomatologicolariano.com\/wp-content\/uploads\/2012\/03\/guida.jpg 953w, https:\/\/stomatologicolariano.com\/wp-content\/uploads\/2012\/03\/guida-300x88.jpg 300w, https:\/\/stomatologicolariano.com\/wp-content\/uploads\/2012\/03\/guida-768x224.jpg 768w\" sizes=\"(max-width: 953px) 100vw, 953px\" \/><\/p>\n<p>Lo Stomatologico Lariano\u00aesrl ha come obbiettivo la necessit\u00e0 che i propri pazienti lascino i nostri studi soddisfatti e a proprio agio , con denti esteticamente perfetti e una nuova qualit\u00e0 di vita .<\/p>\n<p>Il concetto di trattamento con <strong>una guida chirurgica<\/strong>\u00a0consente di trasformare il trattamento pre-programmato in realt\u00e0 clinica : questa tecnica permette , <strong>senza l\u2019utilizzo del bisturi<\/strong> , <strong>di inserire uno o pi\u00f9 impianti<\/strong> in maniera rapida ed estremamente precisa e di <strong>avvitare nella stessa seduta una protesi fissa in un\u2019ora<\/strong> grazie ad uno studio preliminare eseguito sul computer.<\/p>\n<p>I vantaggi per il paziente sono triplici :<\/p>\n<ul>\n<li>Il trattamento chirurgico si basa su una chirurgia guidata, utilizzando una mascherina trasparente preparata in laboratorio, senza utilizzare il bisturi , senza incidere le gengive, minimamente invasiva . In tale modo , il dolore ed il gonfiore che si possono manifestare dopo un intervento di chirurgia implantare tradizionale con incisione delle mucose orali sono praticamente assenti : questa nuova tecnica richiede quindi per il paziente un minor numero di sedute e tempi di riabilitazione notevolmente ridotti e con minori disagi per il paziente .<\/li>\n<li>Il paziente pu\u00f2 riprendere immediatamente le normali attivit\u00e0 quotidiane dopo l\u2019intervento, poich\u00e9 il metodo di trattamento \u00e8 basato sul posizionamento di una protesi fissa e sul carico masticatorio immediato. Per molti pazienti ci\u00f2 si traduce in un notevole risparmio sui costi .<\/li>\n<li>L\u2019uso del carico immediato, con protesi fisse gi\u00e0 disponibili al momento dell\u2019intervento riduce radicalmente la durata dell\u2019intervento stesso .<\/li>\n<\/ul>\n<p>Anche allo stesso chirurgo questa tecnica, consentendo una pianificazione 3D della terapia implantare su computer, d\u00e0 la possibilit\u00e0 di costruire una mascherina chirurgica che permette un posizionamento ottimale degli impianti riducendo i rischi per i pazienti .<\/p>\n<p><strong>La pianificazione basata su computer con la guida chirurgica<\/strong> \u00e8 adatta per i casi di edentulia (mancanza di denti) singola, parziale e totale, in cui il paziente soddisfa tutti i requisiti generali di salute per sottoporsi a chirurgia orale, \u00e8 completamente guarito dopo una qualsiasi procedura di innesto osseo ed ha una quantit\u00e0 sufficiente di osso mascellare.<\/p>\n<p>L\u2019implantologia senza bisturi ben si adatta inoltre a tutte le situazioni cliniche di grave atrofia dei mascellari dove \u00e8 possibile inserire impianti solo adottando la tecnica<strong>\u00a0protesi fissa su 4 o 6 impianti<\/strong>\u00a0con l\u2019immediato posizionamento di denti fissi in un\u2019ora<strong>.<\/strong><\/p>","protected":false},"excerpt":{"rendered":"<p>CLICCA QUI E SCOPRI I CASI CLINICI Lo Stomatologico Lariano\u00aesrl ha come obbiettivo la necessit\u00e0 che i propri pazienti lascino i nostri studi soddisfatti e a proprio agio , con denti esteticamente perfetti e una nuova qualit\u00e0 di vita . Il concetto di trattamento con una guida chirurgica\u00a0consente di trasformare il trattamento pre-programmato in realt\u00e0 [&hellip;]<\/p>\n","protected":false},"author":1,"featured_media":0,"parent":48,"menu_order":20,"comment_status":"open","ping_status":"closed","template":"","meta":[],"_links":{"self":[{"href":"https:\/\/stomatologicolariano.com\/it\/wp-json\/wp\/v2\/pages\/413"}],"collection":[{"href":"https:\/\/stomatologicolariano.com\/it\/wp-json\/wp\/v2\/pages"}],"about":[{"href":"https:\/\/stomatologicolariano.com\/it\/wp-json\/wp\/v2\/types\/page"}],"author":[{"embeddable":true,"href":"https:\/\/stomatologicolariano.com\/it\/wp-json\/wp\/v2\/users\/1"}],"replies":[{"embeddable":true,"href":"https:\/\/stomatologicolariano.com\/it\/wp-json\/wp\/v2\/comments?post=413"}],"version-history":[{"count":17,"href":"https:\/\/stomatologicolariano.com\/it\/wp-json\/wp\/v2\/pages\/413\/revisions"}],"predecessor-version":[{"id":2206,"href":"https:\/\/stomatologicolariano.com\/it\/wp-json\/wp\/v2\/pages\/413\/revisions\/2206"}],"up":[{"embeddable":true,"href":"https:\/\/stomatologicolariano.com\/it\/wp-json\/wp\/v2\/pages\/48"}],"wp:attachment":[{"href":"https:\/\/stomatologicolariano.com\/it\/wp-json\/wp\/v2\/media?parent=413"}],"curies":[{"name":"wp","href":"https:\/\/api.w.org\/{rel}","templated":true}]}}