{"id":201,"date":"2012-02-25T17:16:58","date_gmt":"2012-02-25T16:16:58","guid":{"rendered":"http:\/\/stomatologicolariano.com\/?page_id=201"},"modified":"2017-07-15T16:56:40","modified_gmt":"2017-07-15T14:56:40","slug":"igiene-orale-e-prevenzione","status":"publish","type":"page","link":"https:\/\/stomatologicolariano.com\/it\/terapie\/igiene-orale-e-prevenzione\/","title":{"rendered":"Igiene orale e prevenzione"},"content":{"rendered":"<p><a href=\"http:\/\/stomatologicolariano.com\/wp-content\/uploads\/2012\/02\/prevenzione.jpg\"><img loading=\"lazy\" class=\"alignnone size-full wp-image-429\" title=\"prevenzione\" src=\"http:\/\/stomatologicolariano.com\/wp-content\/uploads\/2012\/02\/prevenzione.jpg\" alt=\"\" width=\"583\" height=\"226\" srcset=\"https:\/\/stomatologicolariano.com\/wp-content\/uploads\/2012\/02\/prevenzione.jpg 583w, https:\/\/stomatologicolariano.com\/wp-content\/uploads\/2012\/02\/prevenzione-300x116.jpg 300w\" sizes=\"(max-width: 583px) 100vw, 583px\" \/><\/a><\/p>\n<p>Il vero segreto per avere bocca e denti sani \u00e8 la prevenzione, basta su igiene orale e quotidiana e su sedute d&#8217;igiene professionali periodiche.<\/p>\n<p>Eseguire visite periodiche dal proprio odontoiatra previene l&#8217;insorgenza di malattie del cavo orale e la formazione della carie.<\/p>\n<p>La cattiva igiene orale non solo \u00e8 all&#8217;origine della carie dentale, ma \u00e8 anche la causa principale di infiammazioni alle gengive ed agli altri tessuti di sostegno del dente.<\/p>\n<p><strong>Placca batterica<\/strong><\/p>\n<p>Dopo aver mangiato i batteri aderiscono sul dente,\u00a0con il tempo iniziano a riprodursi ed altri si aggiungono a loro. Si forma una pellicola simile alla \u201ccolla\u201d che li fa aderire saldamente alla superficie dei denti. Se essa non viene asportata con un\u2019adeguata igiene orale, i batteri iniziano a farsi strada tra la gengiva e il dente, nel colletto. I tessuti rispondono a quest\u2019intrusione con una risposta infiammatoria. <strong>\u00a0<\/strong><\/p>\n<p><strong>Tartaro<\/strong><\/p>\n<p>Dopo circa 48 ore la placca batterica si \u00e8 calcificata intorno ai denti.\u00a0Cos\u00ec si \u00e8 formato il tartaro, molto pi\u00f9 difficile da asportare con l\u2019igiene quotidiana, che infiammando il margine della gengiva, pu\u00f2 estendersi ai tessuti pi\u00f9 profondi, fino a raggiungere l\u2019osso che si retrae e che di conseguenza fa vacillare il dente, per poi infine cadere.<\/p>\n<p><strong>Gengivite<\/strong><\/p>\n<p>Interessa la gengiva marginale, \u00e8 caratterizzata da arrossamento del\u00a0margine, gonfiore, sanguinamento e talvolta ipertrofia gengivale. Se tale malattia non viene curata in tempo, il rischio \u00e8 quello di una distruzione dei tessuti che circondano il dente.<\/p>\n<p><strong>Parodontite<\/strong><\/p>\n<p>La gengiva si stacca dal dente formando una tasca parodontale. In natura la gengiva \u00e8 staccata dal dente per circa 3 mm, se la profondit\u00e0 aumenta e non si continua a intervenire, l\u2019osso comincia a distruggersi e ritirarsi. Il dente senza supporto inizier\u00e0 a muoversi e se tale mobilit\u00e0 aumenta, la probabilit\u00e0 di perdere il dente in futuro \u00e8 elevata.<\/p>\n<p>E&#8217; quindi importantissimo attenersi scrupolosamente ad una migliore igiene orale. Tramite sedute d&#8217;igiene orale e profilassi saranno spiegate le varie tecniche per ridurre la placca batterica presente.<\/p>\n<p>Dopo varie indicazioni dell&#8217;igienista, il paziente sar\u00e0 inserito in un programma d&#8217;igiene orale professionale personalizzato:<\/p>\n<ul>\n<li>ablazione del tartaro<\/li>\n<li>courettage sotto gengivale<\/li>\n<li>se necessaria eventuale chirurgia padodontale<\/li>\n<\/ul>\n<p>La prevenzione instaurata nell&#8217;educazione del paziente, sar\u00e0 il successo nella cura della malattia.<\/p>","protected":false},"excerpt":{"rendered":"<p>Il vero segreto per avere bocca e denti sani \u00e8 la prevenzione, basta su igiene orale e quotidiana e su sedute d&#8217;igiene professionali periodiche. Eseguire visite periodiche dal proprio odontoiatra previene l&#8217;insorgenza di malattie del cavo orale e la formazione della carie. La cattiva igiene orale non solo \u00e8 all&#8217;origine della carie dentale, ma \u00e8 [&hellip;]<\/p>\n","protected":false},"author":1,"featured_media":0,"parent":48,"menu_order":35,"comment_status":"open","ping_status":"closed","template":"","meta":[],"_links":{"self":[{"href":"https:\/\/stomatologicolariano.com\/it\/wp-json\/wp\/v2\/pages\/201"}],"collection":[{"href":"https:\/\/stomatologicolariano.com\/it\/wp-json\/wp\/v2\/pages"}],"about":[{"href":"https:\/\/stomatologicolariano.com\/it\/wp-json\/wp\/v2\/types\/page"}],"author":[{"embeddable":true,"href":"https:\/\/stomatologicolariano.com\/it\/wp-json\/wp\/v2\/users\/1"}],"replies":[{"embeddable":true,"href":"https:\/\/stomatologicolariano.com\/it\/wp-json\/wp\/v2\/comments?post=201"}],"version-history":[{"count":9,"href":"https:\/\/stomatologicolariano.com\/it\/wp-json\/wp\/v2\/pages\/201\/revisions"}],"predecessor-version":[{"id":2048,"href":"https:\/\/stomatologicolariano.com\/it\/wp-json\/wp\/v2\/pages\/201\/revisions\/2048"}],"up":[{"embeddable":true,"href":"https:\/\/stomatologicolariano.com\/it\/wp-json\/wp\/v2\/pages\/48"}],"wp:attachment":[{"href":"https:\/\/stomatologicolariano.com\/it\/wp-json\/wp\/v2\/media?parent=201"}],"curies":[{"name":"wp","href":"https:\/\/api.w.org\/{rel}","templated":true}]}}