{"id":1937,"date":"2016-10-01T11:28:03","date_gmt":"2016-10-01T09:28:03","guid":{"rendered":"http:\/\/stomatologicolariano.com\/?page_id=1937"},"modified":"2016-10-03T20:48:15","modified_gmt":"2016-10-03T18:48:15","slug":"zic-zygomatic-implants-clinic","status":"publish","type":"page","link":"https:\/\/stomatologicolariano.com\/it\/terapie\/zic-zygomatic-implants-clinic\/","title":{"rendered":"ZIC &#8211; Zygomatic Implants Clinic"},"content":{"rendered":"<p>Gli <strong>impianti zigomatici<\/strong> sono una nuova frontiera dell&#8217; Implantologia Osteointegrata<\/p>\n<p>e rappresentano in questo momento\u00a0 <strong>l\u2019alternativa migliore all\u2019innesto di osso<\/strong> nei casi di\u00a0 grave atrofia del mascellare superiore.<br \/>\nGli <strong>impianti zigomatici<\/strong> permettono, a chi non ha osso sufficiente ad inserire gli impianti tradizionali nella mascella, di <strong>posizionare in 24 ore una\u00a0protesi fissa<\/strong>\u00a0avvitata agli impianti sostituendo la tradizionale e ingombrante dentiera.<\/p>\n<p><img loading=\"lazy\" class=\"size-large wp-image-1942 aligncenter\" src=\"http:\/\/stomatologicolariano.com\/wp-content\/uploads\/2016\/10\/opzione1.jpg\" alt=\"opzione1\" width=\"452\" height=\"199\" srcset=\"https:\/\/stomatologicolariano.com\/wp-content\/uploads\/2016\/10\/opzione1.jpg 452w, https:\/\/stomatologicolariano.com\/wp-content\/uploads\/2016\/10\/opzione1-300x132.jpg 300w\" sizes=\"(max-width: 452px) 100vw, 452px\" \/><br \/>\nAttualmente le soluzioni chirurgiche\u00a0 per permettere ad \u00a0un paziente con assoluta mancanza di osso nella mascella di avere una protesi fissa\u00a0 sono due:<\/p>\n<ul>\n<li>innesto di osso<\/li>\n<li>implantologia zigomatica<\/li>\n<\/ul>\n<p><strong>L\u2019innesto d\u2019osso \u00e8 una tecnica che presenta una serie di limiti:<\/strong><\/p>\n<ul>\n<li>il prelievo di osso deve essere eseguito da altre zone del corpo, come il bacino o la teca cranica, in anestesia generale (primo intervento chirurgico)<\/li>\n<li>i primi due mesi si rimane senza denti e poi si porta una dentiera per 4\/10 mesi<\/li>\n<li>dopo sei mesi dall&#8217;innesto di osso si posizionano gli impianti e per avere i denti fissi bisogna aspettare altri sei mesi (secondo intervento chirurgico)<\/li>\n<li>la probabilit\u00e0 di successo dell&#8217;innesto varia da 60 al 80%<\/li>\n<li>Il disagio post-operatorio \u00e8 elevato<\/li>\n<\/ul>\n<p><strong>Cosa sono gli impianti zigomatici?:<\/strong><\/p>\n<p>Sono impianti pi\u00f9 lunghi di quelli tradizionali ( da 3,5 a 5 cm) che vengono inseriti attraverso il mascellare superiore nell&#8217;osso zigomatico da entrambi i lati.<\/p>\n<p><strong>Quali sono i vantaggi degli impianti zigomatici?<\/strong><\/p>\n<ul>\n<li>con un solo intervento chirurgico si risolve il problema<\/li>\n<li>dopo 24 ore si inserisce una protesi fissa avvitata agli impianti (denti fissi in un giorno)<\/li>\n<li>alte probabilit\u00e0 di successo 98% dei casi<\/li>\n<li>disagio post-operatorio basso<\/li>\n<li>non si portano dentiere provvisorie<\/li>\n<li>dopo sei mesi si posiziona una protesi fissa definitiva<\/li>\n<\/ul>\n<p><img loading=\"lazy\" class=\"size-large wp-image-1943 aligncenter\" src=\"http:\/\/stomatologicolariano.com\/wp-content\/uploads\/2016\/10\/opzione2.jpg\" alt=\"opzione2\" width=\"531\" height=\"240\" srcset=\"https:\/\/stomatologicolariano.com\/wp-content\/uploads\/2016\/10\/opzione2.jpg 531w, https:\/\/stomatologicolariano.com\/wp-content\/uploads\/2016\/10\/opzione2-300x136.jpg 300w\" sizes=\"(max-width: 531px) 100vw, 531px\" \/><\/p>\n<p><strong>TABELLA DI CONFRONTO TRA INNESTO OSSEO E IMPIANTI ZIGOMATICI<\/strong><\/p>\n<table>\n<tbody>\n<tr>\n<td width=\"218\"><\/td>\n<td colspan=\"2\" width=\"217\"><strong>INNESTO OSSEO AUTOLOGO<\/strong><\/td>\n<td width=\"217\"><strong>IMPIANTI ZIGOMATICI<\/strong><\/td>\n<\/tr>\n<tr>\n<td width=\"218\"><strong>NUMERO CHIRURGIE<\/strong><\/td>\n<td colspan=\"2\" width=\"217\"><strong>2<\/strong><\/td>\n<td width=\"217\"><strong>1<\/strong><\/td>\n<\/tr>\n<tr>\n<td width=\"218\"><strong>DENTIERA PROVVISORIA<\/strong><\/td>\n<td colspan=\"2\" width=\"217\"><strong>10 MESI<\/strong><\/td>\n<td width=\"217\"><strong>NON NECESSARIA<\/strong><\/td>\n<\/tr>\n<tr>\n<td width=\"218\"><strong>DENTI FISSI<\/strong><\/td>\n<td colspan=\"2\" width=\"217\"><strong>DOPO 12 MESI<\/strong><\/td>\n<td width=\"217\"><strong>DOPO 24 ORE<\/strong><\/td>\n<\/tr>\n<tr>\n<td width=\"218\"><strong>DURATA TERAPIA <\/strong><\/td>\n<td colspan=\"2\" width=\"217\"><strong>12 MESI<\/strong><\/td>\n<td width=\"217\"><strong>6 MESI<\/strong><\/td>\n<\/tr>\n<tr>\n<td width=\"218\"><strong>DISAGIO POST-CHIRURGICO<\/strong><\/td>\n<td colspan=\"2\" width=\"217\"><strong>ELEVATO<\/strong><\/td>\n<td width=\"217\"><strong>BASSO<\/strong><\/td>\n<\/tr>\n<tr>\n<td width=\"218\"><strong>PROBABILITA&#8217; DI SUCCESSO<\/strong><\/td>\n<td colspan=\"2\" width=\"217\"><strong>60-80%<\/strong><\/td>\n<td width=\"217\"><strong>98%<\/strong><\/td>\n<\/tr>\n<tr>\n<td colspan=\"2\" width=\"326\"><strong>COSTI<\/strong><\/td>\n<td colspan=\"2\" width=\"326\"><strong>SOVRAPPONIBILI<\/strong><\/td>\n<\/tr>\n<\/tbody>\n<\/table>\n<p>&nbsp;<\/p>\n<p><strong>E&#8217; evidente come gli impianti zigomatici rappresentano una valida alternativa all&#8217;innesto di osso perch\u00e8, con costi sovrapponibili, permettono di avere riabilitazioni pi\u00f9 rapide con maggiori probabilit\u00e0 di successo e minor disagio per il paziente che ottiene denti fissi dopo 24 ore dall&#8217;intervento.<\/strong><\/p>","protected":false},"excerpt":{"rendered":"<p>Gli impianti zigomatici sono una nuova frontiera dell&#8217; Implantologia Osteointegrata e rappresentano in questo momento\u00a0 l\u2019alternativa migliore all\u2019innesto di osso nei casi di\u00a0 grave atrofia del mascellare superiore. Gli impianti zigomatici permettono, a chi non ha osso sufficiente ad inserire gli impianti tradizionali nella mascella, di posizionare in 24 ore una\u00a0protesi fissa\u00a0avvitata agli impianti sostituendo [&hellip;]<\/p>\n","protected":false},"author":1,"featured_media":0,"parent":48,"menu_order":0,"comment_status":"closed","ping_status":"closed","template":"","meta":[],"_links":{"self":[{"href":"https:\/\/stomatologicolariano.com\/it\/wp-json\/wp\/v2\/pages\/1937"}],"collection":[{"href":"https:\/\/stomatologicolariano.com\/it\/wp-json\/wp\/v2\/pages"}],"about":[{"href":"https:\/\/stomatologicolariano.com\/it\/wp-json\/wp\/v2\/types\/page"}],"author":[{"embeddable":true,"href":"https:\/\/stomatologicolariano.com\/it\/wp-json\/wp\/v2\/users\/1"}],"replies":[{"embeddable":true,"href":"https:\/\/stomatologicolariano.com\/it\/wp-json\/wp\/v2\/comments?post=1937"}],"version-history":[{"count":6,"href":"https:\/\/stomatologicolariano.com\/it\/wp-json\/wp\/v2\/pages\/1937\/revisions"}],"predecessor-version":[{"id":1950,"href":"https:\/\/stomatologicolariano.com\/it\/wp-json\/wp\/v2\/pages\/1937\/revisions\/1950"}],"up":[{"embeddable":true,"href":"https:\/\/stomatologicolariano.com\/it\/wp-json\/wp\/v2\/pages\/48"}],"wp:attachment":[{"href":"https:\/\/stomatologicolariano.com\/it\/wp-json\/wp\/v2\/media?parent=1937"}],"curies":[{"name":"wp","href":"https:\/\/api.w.org\/{rel}","templated":true}]}}