{"id":1839,"date":"2015-12-24T00:37:57","date_gmt":"2015-12-23T23:37:57","guid":{"rendered":"http:\/\/stomatologicolariano.com\/?page_id=1839"},"modified":"2019-12-02T21:16:55","modified_gmt":"2019-12-02T20:16:55","slug":"tac-dentale-cone-beam-3d","status":"publish","type":"page","link":"https:\/\/stomatologicolariano.com\/it\/terapie\/tac-dentale-cone-beam-3d\/","title":{"rendered":"TAC Dentale Cone Beam 3D"},"content":{"rendered":"<p><\/p>\n<h3>Tac Dentale Tridimensionale<\/h3>\n<p>STOMATOLOGICO LARIANO possiede il sistema radiografico pi\u00f9 innovativo presente attualmente sul mercato mondiale: il team <strong>NewTom<\/strong> \u00e8 stato il primo utilizzatore della tecnologia Cone Beam nel campo dentale.<\/p>\n<p>La tomografia computerizzata Cone Beam 3D di STOMATOLOGICO LARIANO produce immagini volumetriche che consentono di visualizzare tridimensionalmente i denti e le strutture anatomiche della bocca con maggiore precisione e con dosi di raggi fino a 30 volte inferiore rispetto una TAC tradizionale.<br \/>\nQuesta TAC Dentale Cone Beam, in caso di chirurgia implantare permette di pianificare su computer, prima dell&#8217;intervento, l&#8217;esatta posizione degli impianti e di utilizzare poi durante l&#8217;intervento delle guide chirurgiche che consentono l&#8217;inserimento degli impianti senza il bisturi (chirurgia guidata) e la cementazione di una protesi fissa nella stessa giornata (denti fissi in 4 ore).<\/p>\n<p>STOMATOLOGICO LARIANO sempre all&#8217;avanguardia in tecnologia e innovazione: Tac Cone Beam, Panoramica, Rx Seni Paranasali, Rx ATM, Teleradiografie per studi cefalometrici e radiologia carpale.<\/p>\n<p><img loading=\"lazy\" class=\"alignleft size-full wp-image-1848\" src=\"http:\/\/stomatologicolariano.com\/wp-content\/uploads\/2015\/12\/1.jpg\" alt=\"1\" width=\"960\" height=\"390\" srcset=\"https:\/\/stomatologicolariano.com\/wp-content\/uploads\/2015\/12\/1.jpg 960w, https:\/\/stomatologicolariano.com\/wp-content\/uploads\/2015\/12\/1-300x122.jpg 300w, https:\/\/stomatologicolariano.com\/wp-content\/uploads\/2015\/12\/1-768x312.jpg 768w\" sizes=\"(max-width: 960px) 100vw, 960px\" \/><\/p>\n<h3><strong>TAC Cone Beam 3D: massima qualit\u00e0 trimensionale delle immagini con ridotta esposizione ai raggi X.<\/strong><\/h3>\n<p><strong>Che cos\u2019\u00e8 la Tac Cone Beam?<\/strong><\/p>\n<p>La Tac Cone Beam \u00e8 una moderna metodologia diagnostica che consente di riprodurre sezioni (tomografia) e di generare un\u2019immagine tridimensionale del cranio (o di alcune sue aree) per mezzo di radiazioni acquisite da un sensore digitale ed elaborate da un computer.<\/p>\n<p><strong>Quali sono le differenze fra le immagini Cone Beam e le immagini panoramiche ?<\/strong><\/p>\n<p>Entrambe le metodiche diagnostiche rappresentano uno strumento fondamentale per facilitare la valutazione delle condizioni di salute, la diagnosi di malattie dento-maxillofacciali e la pianificazione di trattamenti implantari, endodontici e chirurgici. Mentre le radiografie panoramiche producono una immagine bidimensionale appiattita e in parte deformata di strutture anatomiche della bocca, la Tecnologia Cone Beam consente di produrre immagini tridimensionali con l\u2019enorme vantaggio di poter riprodurre fedelmente la struttura anatomica in esame senza deformazioni.<\/p>\n<p><strong>Quali sono i vantaggi della Tecnologia Cone Beam di Stomatolgico Lariano rispetto alla Tac Dentale tradizionale?<\/strong><\/p>\n<p>Minore dose di radiazioni per il paziente sino a 30 volte rispetto ad una TAC tradizionale, Tecnologia SafeBeam che controlla automaticamente la dose di raggi necessaria in base alle dimensioni anatomiche del paziente: la nostra macchina riconosce automaticamente un bambino rispetto un&#8217;adulto adattando la dose di raggi necessaria al&#8221;esame.<\/p>\n<p><strong>Un paziente disabile su sedia a rotelle pu\u00f2 eseguire la Tac Cone Beam ?<\/strong><br \/>\nL&#8217;accesso di un disabile alla nostra macchina \u00e8 facile e confortevole non richiedendo lo spostamento del paziente in quanto l&#8217;esame si pu\u00f2 eseguire in posizione seduta.<\/p>\n<p><strong>E&#8217; possibile limitare il fascio di radiazioni ad una zona specifica della bocca ?<\/strong><\/p>\n<p>Con la Tac Cone Beam si possono radiografare zone di diametro differente ( da 5&#215;5 cm a 11&#215;13 cm) selezionando l&#8217;area da trattare: in tal modo si ottengono immagini trimensionali pi\u00f9 accurate con una drastica riduzione dei raggi assorbiti dal paziente.<\/p>\n<p><strong>Si tratta di un esame doloroso?<\/strong><\/p>\n<p>Durante la scansione CBCT non si avverte n\u00e9 dolore n\u00e9 calore e inoltre non \u00e8 necessaria l\u2019iniezione di alcun mezzo di contrasto.<\/p>\n<p><strong>In che modo le immagini di una scansione Cone Beam migliorano la diagnosi e facilitano il programma terapeutico al medico ?<\/strong><\/p>\n<p>Questa TAC Dentale Cone Beam, in caso di chirurgia implantare permette di pianificare su computer, prima dell&#8217;intervento, l&#8217;esatta posizione degli impianti e di utilizzare poi durante l&#8217;intervento delle guide chirurgiche che consentono l&#8217;inserimento degli impianti senza il bisturi (chirurgia guidata) e la cementazione di una protesi fissa nella stessa giornata (denti fissi in 4 ore).<\/p>\n<p><strong>Quanto tempo ci vuole per eseguire una Tac Cone Beam ?<\/strong><\/p>\n<p>L\u2019esame \u00e8 estremamente breve e viene eseguito con il paziente in piedi: la scansione Cone Beam 3D dura da 18 a 36 secondi in rapporto all&#8217;ampiezza dell&#8217;area da studiare.<\/p>\n<p><strong>In che modo funziona la Tac Cone Beam ?<\/strong><\/p>\n<p>Una volta che il paziente \u00e8 stato posizionato correttamente l\u2019operatore inizia la scansione: una torretta ruota attorno alla testa del paziente e un cicalino suona per l\u2019intera durata dell\u2019esame ad indicare l\u2019emissione dei raggi X.<\/p>\n<p><strong>Quali informazioni cliniche la Tac Cone Beam pu\u00f2 dare al medico?<\/strong><\/p>\n<p>Questa procedura permette di analizzare con la massima precisione prima dell&#8217;intrevento:<br \/>\n\u2022 Denti inclusi<br \/>\n\u2022 Denti soprannumerari<br \/>\n\u2022 Terzo molare ritenuto<br \/>\n\u2022 Articolazioni temporo-mandibolari<br \/>\n\u2022 Seni mascellari<br \/>\n\u2022 Canale radicolare<br \/>\n\u2022 Piccole fratture radicolari<br \/>\n\u2022 Malattie parodontali\/endodontiche<\/p>\n<p>Pianificazione di:<br \/>\n\u2022 Chirurgia implantare<br \/>\n\u2022 Trattamenti ortodontici<br \/>\n\u2022 Chirurgia maxillo-facciale<\/p>\n<p><img loading=\"lazy\" class=\"alignleft size-full wp-image-1849\" src=\"http:\/\/stomatologicolariano.com\/wp-content\/uploads\/2015\/12\/2.jpg\" alt=\"2\" width=\"960\" height=\"390\" srcset=\"https:\/\/stomatologicolariano.com\/wp-content\/uploads\/2015\/12\/2.jpg 960w, https:\/\/stomatologicolariano.com\/wp-content\/uploads\/2015\/12\/2-300x122.jpg 300w, https:\/\/stomatologicolariano.com\/wp-content\/uploads\/2015\/12\/2-768x312.jpg 768w\" sizes=\"(max-width: 960px) 100vw, 960px\" \/><\/p>","protected":false},"excerpt":{"rendered":"<p>Tac Dentale Tridimensionale STOMATOLOGICO LARIANO possiede il sistema radiografico pi\u00f9 innovativo presente attualmente sul mercato mondiale: il team NewTom \u00e8 stato il primo utilizzatore della tecnologia Cone Beam nel campo dentale. La tomografia computerizzata Cone Beam 3D di STOMATOLOGICO LARIANO produce immagini volumetriche che consentono di visualizzare tridimensionalmente i denti e le strutture anatomiche della [&hellip;]<\/p>\n","protected":false},"author":1,"featured_media":0,"parent":48,"menu_order":115,"comment_status":"closed","ping_status":"closed","template":"","meta":[],"_links":{"self":[{"href":"https:\/\/stomatologicolariano.com\/it\/wp-json\/wp\/v2\/pages\/1839"}],"collection":[{"href":"https:\/\/stomatologicolariano.com\/it\/wp-json\/wp\/v2\/pages"}],"about":[{"href":"https:\/\/stomatologicolariano.com\/it\/wp-json\/wp\/v2\/types\/page"}],"author":[{"embeddable":true,"href":"https:\/\/stomatologicolariano.com\/it\/wp-json\/wp\/v2\/users\/1"}],"replies":[{"embeddable":true,"href":"https:\/\/stomatologicolariano.com\/it\/wp-json\/wp\/v2\/comments?post=1839"}],"version-history":[{"count":4,"href":"https:\/\/stomatologicolariano.com\/it\/wp-json\/wp\/v2\/pages\/1839\/revisions"}],"predecessor-version":[{"id":2003,"href":"https:\/\/stomatologicolariano.com\/it\/wp-json\/wp\/v2\/pages\/1839\/revisions\/2003"}],"up":[{"embeddable":true,"href":"https:\/\/stomatologicolariano.com\/it\/wp-json\/wp\/v2\/pages\/48"}],"wp:attachment":[{"href":"https:\/\/stomatologicolariano.com\/it\/wp-json\/wp\/v2\/media?parent=1839"}],"curies":[{"name":"wp","href":"https:\/\/api.w.org\/{rel}","templated":true}]}}