{"id":183,"date":"2012-02-23T23:22:01","date_gmt":"2012-02-23T22:22:01","guid":{"rendered":"http:\/\/stomatologicolariano.com\/?page_id=183"},"modified":"2017-07-15T17:02:33","modified_gmt":"2017-07-15T15:02:33","slug":"trattamento-sbiancante-personalizzato","status":"publish","type":"page","link":"https:\/\/stomatologicolariano.com\/it\/terapie\/sbiancamento-dentale\/trattamento-sbiancante-personalizzato\/","title":{"rendered":"Trattamento Sbiancante Personalizzato"},"content":{"rendered":"<p>Nei casi di sbiancamento di denti con intense colorazioni o per chi vuole ottenere il massimo risultato sbiancante, pu\u00f2 essere opportuno un trattamento personalizzato. Si pu\u00f2 ripetere la procedura in studio pi\u00f9 volte, oppure associare al trattamento professionale il trattamento domiciliare. (il trattamento sbiancante non \u00e8 effettuato su pazienti con problematiche parodontali, piorrea parodontiti, gengiviti, se non dopo le varie sedute di levigature e l\u2019accertato miglioramento della salute gengivale).<\/p>\n<p><strong>Tempo d\u2019impiego:<\/strong><\/p>\n<p>Trattamento completo:\u00a0 2 ore<\/p>\n<p>1 seduta d\u2019igiene con trattamento desensibilizzante: 40min(2\/3 gg prima) (se la seduta d\u2019igiene \u00e8 stata eseguita da poco\u00a0 tempo bastano 20min ) (+ impronte arginato)<\/p>\n<p><strong>Materiale d\u2019utilizzo:<\/strong><\/p>\n<ul>\n<li>\u00a0prodotto sbiancante professionale ad alta<\/li>\n<li>\u00a0percentuale di perossido d\u2019idrogeno:\u00a030% \u00a0 35% \u00a038%<\/li>\n<li>scala colori<\/li>\n<li>lampada fotopolimerizzante (o lampada \u00a0apposita per sbiancanti con differenti tecniche d\u2019utilizzo)<\/li>\n<li>apribocca doppio<\/li>\n<li>rulli di cotone<\/li>\n<li>prodotto sbiancante a base di perossido\u00a0 d\u2019 idrogeno o carbammide, a differenti\u00a0gradazioni: \u00a0 7,5% \u00a010% \u00a016% \u00a022%<\/li>\n<li>alginato (sup. + inf. per mascherine, si prendono nella\u00a0\u00a0seduta d\u2019igiene)<\/li>\n<li>macchina fotografica<\/li>\n<\/ul>\n<p><strong>DESENSIBILIZZANTE<\/strong>: \u00e8 consigliabile il trattamento completo desensibilizzante, prima o dopo il trattamento sbiancante, per evitare sensibilit\u00e0 da trattamento e quindi evitare disagi al paziente\u00a0(sarebbe bene eseguirlo nella seduta d\u2019igiene antecedente al trattamento) (tenere presente e far presente al paziente che se la sensibilit\u00e0 persiste bisogna eseguire altri trattamenti desensibilizzanti). (vedi procedure sbiancamento studio + domiciliare)<\/p>\n<p>Lo sbiancamento completo studio + domiciliare viene eseguito per migliorare il risultato e per prolungarne la durata. Tutte e tre le tipologie di sbiancamento hanno effetti diversi su ogni paziente, avendo smalti e colorazioni dentinali differenti, per questo \u00e8 importante raccomandare al paziente che avr\u00e0 un sorriso migliore, con una colorazione pi\u00f9 bianca, ma non \u201cbianco ceramica\u201d.<\/p>","protected":false},"excerpt":{"rendered":"<p>Nei casi di sbiancamento di denti con intense colorazioni o per chi vuole ottenere il massimo risultato sbiancante, pu\u00f2 essere opportuno un trattamento personalizzato. Si pu\u00f2 ripetere la procedura in studio pi\u00f9 volte, oppure associare al trattamento professionale il trattamento domiciliare. (il trattamento sbiancante non \u00e8 effettuato su pazienti con problematiche parodontali, piorrea parodontiti, gengiviti, [&hellip;]<\/p>\n","protected":false},"author":1,"featured_media":0,"parent":177,"menu_order":0,"comment_status":"open","ping_status":"open","template":"","meta":[],"_links":{"self":[{"href":"https:\/\/stomatologicolariano.com\/it\/wp-json\/wp\/v2\/pages\/183"}],"collection":[{"href":"https:\/\/stomatologicolariano.com\/it\/wp-json\/wp\/v2\/pages"}],"about":[{"href":"https:\/\/stomatologicolariano.com\/it\/wp-json\/wp\/v2\/types\/page"}],"author":[{"embeddable":true,"href":"https:\/\/stomatologicolariano.com\/it\/wp-json\/wp\/v2\/users\/1"}],"replies":[{"embeddable":true,"href":"https:\/\/stomatologicolariano.com\/it\/wp-json\/wp\/v2\/comments?post=183"}],"version-history":[{"count":6,"href":"https:\/\/stomatologicolariano.com\/it\/wp-json\/wp\/v2\/pages\/183\/revisions"}],"predecessor-version":[{"id":2058,"href":"https:\/\/stomatologicolariano.com\/it\/wp-json\/wp\/v2\/pages\/183\/revisions\/2058"}],"up":[{"embeddable":true,"href":"https:\/\/stomatologicolariano.com\/it\/wp-json\/wp\/v2\/pages\/177"}],"wp:attachment":[{"href":"https:\/\/stomatologicolariano.com\/it\/wp-json\/wp\/v2\/media?parent=183"}],"curies":[{"name":"wp","href":"https:\/\/api.w.org\/{rel}","templated":true}]}}