{"id":179,"date":"2012-02-23T23:14:36","date_gmt":"2012-02-23T22:14:36","guid":{"rendered":"http:\/\/stomatologicolariano.com\/?page_id=179"},"modified":"2017-07-15T17:02:15","modified_gmt":"2017-07-15T15:02:15","slug":"sbiancamento-professionale","status":"publish","type":"page","link":"https:\/\/stomatologicolariano.com\/it\/terapie\/sbiancamento-dentale\/sbiancamento-professionale\/","title":{"rendered":"Sbiancamento Professionale"},"content":{"rendered":"<p>Prima di eseguire un trattamento professionale, viene eseguita una visita preliminare per escludere eventuali controindicazioni al trattamento. Il trattamento sbiancante \u00e8 eseguito in studio e ha una durata di circa 1 ora. Le gengive sono protette da una barriera di gel e si attiva attraverso una luce particolare.<\/p>\n<p>E\u2019 a base di perossido d\u2019idrogeno al 35-38%. Il trattamento pu\u00f2 richiedere diverse sedute professionali, secondo il livello d\u2019intensit\u00e0 di sbiancamento che si vuole ottenere. Pu\u00f2 causare una leggera ipersensibilit\u00e0 dentinale che svanisce nel giro di qualche giorno.<\/p>\n<p>Questo tipo di trattamento garantisce il pi\u00f9 elevato raggiungimento di sbiancamento possibile. ( il trattamento sbiancante non \u00e8 effettuato su pazienti con problematiche parodontali, piorrea parodontiti, gengiviti, se non dopo le varie sedute di levigature e l\u2019accertato miglioramento della salute gengivale).<\/p>\n<p><strong>Tempo d\u2019impiego:<\/strong><\/p>\n<p>Trattamento completo: \u00a01 ora \u00bd<\/p>\n<p>Seduta d\u2019igiene con trattamento\u00a0desensibilizzante: 40 min(2\/3 gg prima)<\/p>\n<p>(se la seduta d\u2019igiene \u00e8 stata effettuata da poco\u00a0tempo bastano 20 min)<\/p>\n<p><strong>Materiale d\u2019utilizzo:<\/strong><\/p>\n<ul>\n<li>prodotto sbiancante professionale ad alta<\/li>\n<li>percentuale di perossido d\u2019idrogeno:\u00a030%\u00a0&#8211; 35% &#8211; 38%<\/li>\n<li>scala colori<\/li>\n<li>lampada fotopolimerizzante (o lampada \u00a0apposita per sbiancanti con differenti tecniche d\u2019utilizzo)<\/li>\n<li>apribocca doppio<\/li>\n<li>rulli di cotone<\/li>\n<li>macchina fotografica<\/li>\n<\/ul>\n<p><strong>DESENSIBILIZZANTE<\/strong>: \u00e8 consigliabile il trattamento completo desensibilizzante, prima o dopo il trattamento sbiancante, per evitare\u00a0sensibilit\u00e0 da trattamento e quindi evitare disagi al paziente\u00a0(sarebbe bene eseguirlo nella seduta d\u2019igiene antecedente al trattamento) (tenere presente e far presente al paziente che se la sensibilit\u00e0 persiste bisogna effettuare altri trattamenti desensibilizzanti) Prima di incominciare un trattamento sbiancante verificare che il paziente possieda le caratteristiche per poterlo eseguire.<\/p>\n<p>Ogni paziente \u00e8 a s\u00e9, avendo caratteristiche dentinali e dello smalto differenti. Se necessario scattare delle foto.(ps: sarebbe meglio sempre onde evitare reclami dal paziente). Prima d\u2019ogni sbiancamento effettuare una seduta di detartrasi, anche qualche giorno prima, per rimuovere placca, tartaro e macchie residue, con relativa seduta di desensibilizzante.<\/p>\n<p>Utilizzare la scala colori per prendere il colore attuale dello smalto dentinale e verificarne successivamente l\u2019avvenuto sbiancamento.<\/p>\n<p>Se necessario passare un gommino con polish.<\/p>\n<p>Procedere con il trattamento sbiancante.<\/p>\n<p>A fine seduta, consegnare protocollo al paziente, con relative raccomandazioni, a cui deve attenersi nei giorni successivi Il colore effettivo dell\u2019avvenuto sbiancamento, avviene nei 2\/3 giorni successivi allo sbiancamento.<\/p>\n<p><strong>Procedura:<\/strong><\/p>\n<ul>\n<li>seduta d\u2019igiene<\/li>\n<li>trattamento desensibilizzante<\/li>\n<li>trattamento sbiancante<\/li>\n<\/ul>\n<p>Ps. per un miglior servizio si pu\u00f2 includere 1 dentifricio sbiancante nel kit. Ps.\u00a0controllare il paziente 15 gg. dopo il trattamento e scattare foto finali<\/p>","protected":false},"excerpt":{"rendered":"<p>Prima di eseguire un trattamento professionale, viene eseguita una visita preliminare per escludere eventuali controindicazioni al trattamento. Il trattamento sbiancante \u00e8 eseguito in studio e ha una durata di circa 1 ora. Le gengive sono protette da una barriera di gel e si attiva attraverso una luce particolare. E\u2019 a base di perossido d\u2019idrogeno al [&hellip;]<\/p>\n","protected":false},"author":1,"featured_media":0,"parent":177,"menu_order":0,"comment_status":"open","ping_status":"open","template":"","meta":[],"_links":{"self":[{"href":"https:\/\/stomatologicolariano.com\/it\/wp-json\/wp\/v2\/pages\/179"}],"collection":[{"href":"https:\/\/stomatologicolariano.com\/it\/wp-json\/wp\/v2\/pages"}],"about":[{"href":"https:\/\/stomatologicolariano.com\/it\/wp-json\/wp\/v2\/types\/page"}],"author":[{"embeddable":true,"href":"https:\/\/stomatologicolariano.com\/it\/wp-json\/wp\/v2\/users\/1"}],"replies":[{"embeddable":true,"href":"https:\/\/stomatologicolariano.com\/it\/wp-json\/wp\/v2\/comments?post=179"}],"version-history":[{"count":6,"href":"https:\/\/stomatologicolariano.com\/it\/wp-json\/wp\/v2\/pages\/179\/revisions"}],"predecessor-version":[{"id":2056,"href":"https:\/\/stomatologicolariano.com\/it\/wp-json\/wp\/v2\/pages\/179\/revisions\/2056"}],"up":[{"embeddable":true,"href":"https:\/\/stomatologicolariano.com\/it\/wp-json\/wp\/v2\/pages\/177"}],"wp:attachment":[{"href":"https:\/\/stomatologicolariano.com\/it\/wp-json\/wp\/v2\/media?parent=179"}],"curies":[{"name":"wp","href":"https:\/\/api.w.org\/{rel}","templated":true}]}}