{"id":1730,"date":"2015-05-13T21:13:53","date_gmt":"2015-05-13T19:13:53","guid":{"rendered":"http:\/\/stomatologicolariano.com\/?page_id=1730"},"modified":"2015-05-13T21:13:53","modified_gmt":"2015-05-13T19:13:53","slug":"serramento-bruxismo-bite","status":"publish","type":"page","link":"https:\/\/stomatologicolariano.com\/it\/domande-frequenti\/serramento-bruxismo-bite\/","title":{"rendered":"SERRAMENTO BRUXISMO BITE"},"content":{"rendered":"<p><strong>Come faccio a sapere se durante la notte digrigno o serro i denti?<\/strong><\/p>\n<p>Presso il nostro studio esiste un \u201cregistratore\u201d costituito da uno stimolatore che misura continuativamente i segnali elettromiografici durante il sonno e li analizza usando un elettrodo che si attacca alla pelle della nuca tramite un cerotto bioadesivo in corrispondenza del muscolo temporale.<\/p>\n<p>Il dispositivo si porta per tre notti consecutive ed \u00e8 in grado di registrare tutti gli episodi notturni di bruxismo e serramento: registra non solo il numero di episodi ma anche la durata media e l\u2019intensit\u00e0 degli stessi.<\/p>\n<p>&nbsp;<\/p>\n<p><strong>Quali sono i sintomi che devono far sospettare il digrignamento o serramento notturno dei denti<\/strong><\/p>\n<ol>\n<li>Tensione muscolo tensiva tipo \u201cmal di testa\u201d<\/li>\n<li>Sensibilit\u00e0 o rigidit\u00e0 nella zone del collo<\/li>\n<li>Tensione o sensibilit\u00e0 mandibolare e nei muscoli masticatori<\/li>\n<li>Dolore o ipersensibilit\u00e0 dentale<\/li>\n<li>Digrignamento dei denti durante la notte riportato dal partner<\/li>\n<li>Abrasione-consumo patologico dei denti e\/o delle protesi fisse<\/li>\n<li>Disturbi del sonno<\/li>\n<\/ol>\n<p>&nbsp;<\/p>\n<p><strong>In presenza di digrignamento come si pu\u00f2 intervenire?<\/strong><\/p>\n<p>Poich\u00e9 non si pu\u00f2 decidere di smettere di serrare o digrignare i denti \u00a0(\u00e8 una parafunzione involontaria) l\u2019unico rimedio possibile \u00e8 rivolgersi al proprio dentista che predisporr\u00e0 un Bite, cio\u00e8 un apparecchio rimovibile in resina dura trasparente che inserito sulla superficie occlusale dei denti superiori o inferiori toglie tutti i contatti diretti tra le due arcate eliminando tutte le interferenze tra le arcata dentarie in maniera rapida e indolore .<\/p>\n<p>In genere \u00e8 sufficiente tenerlo inserito in bocca solo di notte talvolta anche qualche ora di giorno .<\/p>","protected":false},"excerpt":{"rendered":"<p>Come faccio a sapere se durante la notte digrigno o serro i denti? Presso il nostro studio esiste un \u201cregistratore\u201d costituito da uno stimolatore che misura continuativamente i segnali elettromiografici durante il sonno e li analizza usando un elettrodo che si attacca alla pelle della nuca tramite un cerotto bioadesivo in corrispondenza del muscolo temporale. [&hellip;]<\/p>\n","protected":false},"author":1,"featured_media":0,"parent":1700,"menu_order":0,"comment_status":"open","ping_status":"open","template":"","meta":[],"_links":{"self":[{"href":"https:\/\/stomatologicolariano.com\/it\/wp-json\/wp\/v2\/pages\/1730"}],"collection":[{"href":"https:\/\/stomatologicolariano.com\/it\/wp-json\/wp\/v2\/pages"}],"about":[{"href":"https:\/\/stomatologicolariano.com\/it\/wp-json\/wp\/v2\/types\/page"}],"author":[{"embeddable":true,"href":"https:\/\/stomatologicolariano.com\/it\/wp-json\/wp\/v2\/users\/1"}],"replies":[{"embeddable":true,"href":"https:\/\/stomatologicolariano.com\/it\/wp-json\/wp\/v2\/comments?post=1730"}],"version-history":[{"count":1,"href":"https:\/\/stomatologicolariano.com\/it\/wp-json\/wp\/v2\/pages\/1730\/revisions"}],"predecessor-version":[{"id":1733,"href":"https:\/\/stomatologicolariano.com\/it\/wp-json\/wp\/v2\/pages\/1730\/revisions\/1733"}],"up":[{"embeddable":true,"href":"https:\/\/stomatologicolariano.com\/it\/wp-json\/wp\/v2\/pages\/1700"}],"wp:attachment":[{"href":"https:\/\/stomatologicolariano.com\/it\/wp-json\/wp\/v2\/media?parent=1730"}],"curies":[{"name":"wp","href":"https:\/\/api.w.org\/{rel}","templated":true}]}}