{"id":170,"date":"2012-02-23T23:02:06","date_gmt":"2012-02-23T22:02:06","guid":{"rendered":"http:\/\/stomatologicolariano.com\/?page_id=170"},"modified":"2012-07-29T12:40:40","modified_gmt":"2012-07-29T10:40:40","slug":"visita-anestesiologica-ed-anestesia","status":"publish","type":"page","link":"https:\/\/stomatologicolariano.com\/it\/anestesiologia\/anestesia\/visita-anestesiologica-ed-anestesia\/","title":{"rendered":"Visita anestesiologica ed anestesia"},"content":{"rendered":"<p><\/p>\n<p><strong><a href=\"http:\/\/stomatologicolariano.com\/wp-content\/uploads\/2012\/02\/tassi.jpg\"><img loading=\"lazy\" class=\"alignnone size-full wp-image-755\" title=\"tassi\" src=\"http:\/\/stomatologicolariano.com\/wp-content\/uploads\/2012\/02\/tassi.jpg\" alt=\"\" width=\"583\" height=\"226\" srcset=\"https:\/\/stomatologicolariano.com\/wp-content\/uploads\/2012\/02\/tassi.jpg 583w, https:\/\/stomatologicolariano.com\/wp-content\/uploads\/2012\/02\/tassi-300x116.jpg 300w\" sizes=\"(max-width: 583px) 100vw, 583px\" \/><\/a><\/strong><\/p>\n<p><strong>Visita anestesiologica e anestesia :\u00a0<\/strong><\/p>\n<p>&#8211; La prenotazione della visita anestesiologica , quando necessaria , deve essere fatta dal medico operatore o dalla\u00a0\u00a0 sua segretaria \u00a0fornendo nome e cognome del paziente ed il suo recapito telefonico .<\/p>\n<p>&#8211; La visita avverr\u00e0 presso il Centro e sar\u00e0 compiuta dallo stesso anestesista che poi assister\u00e0 il paziente durante l\u2019 intervento .<\/p>\n<p>&#8211; Il paziente all\u2019atto della visita dovr\u00e0 portare con se i risultati degli esami precedentemente richiesti . \u00a0<\/p>\n<p>Eseguita la visita anestesiologica la segreteria del Centro :<\/p>\n<p>&#8211;\u00a0\u00a0\u00a0\u00a0\u00a0\u00a0\u00a0\u00a0 rilascer\u00e0 al paziente una copia del preventivo spese<\/p>\n<p>&#8211;\u00a0\u00a0\u00a0\u00a0\u00a0\u00a0\u00a0\u00a0 confermer\u00e0 poi al medico operatore il giorno e l\u2019ora dell\u2019intervento<\/p>\n<p>&#8211;\u00a0\u00a0\u00a0\u00a0\u00a0\u00a0\u00a0\u00a0 tratterr\u00e0 gli esami di laboratorio che verranno poi resi al paziente al termine delle cure<\/p>\n<p>Le <strong>procedure di prenotazione e di anestesia\u00a0<\/strong>sono differenti :<\/p>\n<p>a ) per gli allergici , emofilici , diabetici , cardiopatici ( pazienti a rischio ) la prima visita anestesiologica dovr\u00e0 essere praticata prima di sottoporsi agli esami clinici di routine . Il paziente si incontrer\u00e0 con l\u2019anestesista presso il Centro e porter\u00e0 con se la sua personale documentazione che sar\u00e0 valutata dall\u2019anestesista . L\u2019anestesista prescriver\u00e0 \u00a0gli opportuni esami e ne esaminer\u00e0 i risultati nel corso di una seconda visita . Quando necessario presso il Centro sar\u00e0 presente anche lo specialista in Cardiologia .<\/p>\n<p>b ) per i portatori di handicap ed epilettici oltre agli esami normalmenti richiesti \u00e8 necessario fornire un elettroencefalogramma ( anche non recente ) . Si raccomanda di presentarsi alla visita anestesiologica accompagnati da un congiunto .<\/p>\n<p style=\"text-align: left;\" align=\"center\"><strong>ANESTESIA LOCALE IN ASSISTENZA ANESTESIOLOGICA<\/strong><\/p>\n<p>Questo tipo di trattamento viene adottato per i pazienti definiti a \u201c rischio \u201c che debbano essere operati in anestesia locale ma per i quali \u00e8 consigliabile un monitoraggio cardiaco in ambiente protetto . I pazienti a \u201crischio \u201c sono soggetti con patologie cardiache , epatiche , renali , vascolari , polmonari , allergiche , diabetici oppure pazienti molto anziani che verranno opportunamente pretrattati .<\/p>\n<p>Si tenga presente che questo Centro \u00e8 idoneo al trattamento di pazienti ASA1 e ASA2 in base ad un\u2019 accurata valutazione del rischio e seguendo la classificazione : ASA1 : paziente senza altre patologie tranne quelle per cui viene all\u2019intervento ASA2 : paziente con compromissione non grave e ben conpensata di qualche organo e che svolge una normale vita di relazione e lavorativa.<\/p>\n<p>L\u2019 intervento in assistenza anestesiologica viene oggi spesso \u00a0adottato dagli odontoiatri di fronte a questi particolari pazienti desiderando operare sicuri da ogni possibile rischio e confortati dalla presenza dell\u2019anestesista-rianimatore durante l\u2019intervento stesso .<\/p>\n<p style=\"text-align: left;\" align=\"center\"><strong>SEDO-ANALGESIA O SEDAZIONE COSCIENTE<\/strong><\/p>\n<p>E\u2019 una tecnica con infusione per via endovenosa di farmaci ad azione ipnotica e sedativa centrale associata a farmaci ad azione analgesica ed a anti-infiammatori non steroidei , con rapporto quantitativo diverso a seconda delle esigenze chirurgiche .<\/p>\n<p>Questo tipo di anestesia viene generalmente adottata per pazienti che devono sottoporsi ad interventi di implantologia complessa , chirurgia orale o maxillo-facciale , parodontologia oppure pazienti che soffrono di iper-riflessia ed ansia .<\/p>\n<p>&#8211;\u00a0\u00a0\u00a0\u00a0\u00a0\u00a0\u00a0\u00a0 Il paziente deve essere visitato precedentemente dall\u2019anestesista<\/p>\n<p>&#8211;\u00a0\u00a0\u00a0\u00a0\u00a0\u00a0\u00a0\u00a0 Gli esami richiesti sono limitati<\/p>\n<p>&#8211;\u00a0\u00a0\u00a0\u00a0\u00a0\u00a0\u00a0\u00a0 Il paziente verr\u00e0 tenuto sotto osservazione per alcune ore dopo l\u2019 intervento<\/p>\n<p>La sedazione che qui viene chiamata \u201c cosciente \u201c consiste nella somministrazione di farmaci sedativi ed analgesici per via endovenosa \u00a0secondo protocolli ampiamente sperimentati in Italia ed all\u2019estero , ormai da pi\u00f9 di un decennio .<\/p>\n<p>Il paziente \u00e8 quindi in grado di essere sottoposto ad un intervento chirurgico in anestesia locale , mantenendo uno stato di coscienza solo lievemente attenuato , che tuttavia gli permette di collaborare con il chirurgo e di lasciare poi il Centro nella stessa giornata dopo un breve periodo di osservazione al termine dell\u2019 intervento .<\/p>\n<p><strong>Tale anestesia viene effettuata sempre da un medico anestesista-rianimatore .<\/strong> E\u2019 di fondamentale importanza la preparazione psicologica del paziente , preparazione che viene svolta prima dell\u2019 intervento chirurgico durante la valutazione degli esami richiesti dallo specialista .<\/p>\n<p>Viene successivamente somministrata una \u201cpre-anestesia \u201c , che consiste in atropina e benzodiazepina o altro farmaco tranquillante minore . Incannulata una vena periferica che assicura l\u2019 infusione di liquidi , vengono somministrati ipnotici e analgesici , in piccoli boli o in infusione continua per mezzo di pompe in rapporto all\u2019et\u00e0 , peso corporeo e durata dell\u2019 intervento . Il chirurgo procede quindi all\u2019esecuzione dell\u2019anestesia locale con paziente tranquillo e rilassato, ma perfettamente cosciente ed in grado di collaborare durante\u00a0l&#8217;intervento. Si utilizzano anche tutti i mezzi idonei al controllo delle condizioni cardiocircolatorie e respiratorie del paziente mediante monitoraggio continuo dell\u2019elettrocardiogramma, del tasso di saturazione dell\u2019 ossigeno in periferia e della pressione arteriosa da parte del medico anestesista , presente per tutta la durata dell\u2019intervento , per garantire qualunque stato di emergenza.<\/p>\n<p><strong>I vantaggi dell\u2019 uso di questa tecnica di sedazione , in rapporto all\u2019 anestesia generale, sono di tre tipi :<\/strong><\/p>\n<p>&#8211; 1 al paziente vengono somministrati farmaci in quantit\u00e0 \u00a0tale da consentirgli di evitare la degenza ospedaliera, pur essendo pienamente rilassato e inconsapevole della reale durata dell\u2019intervento<\/p>\n<p>&#8211; 2 il chirurgo pu\u00f2 operare con la collaborazione del paziente con un campo operatorio quasi esangue<\/p>\n<p>&#8211; 3 i costi dell\u2019intervento e della degenza rispetto sono molto pi\u00f9 bassi Gli interventi che vengono pi\u00f9 comunemente eseguiti utilizzando la sedazione cosciente sono quelli di implantologia e chirurgia maxillo-facciale e di tutta la chirurgia orale che richiede normalmente solo anestesia locale senza timore o agitazione tali da pregiudicare l\u2019esito stesso dell\u2019intervento .<\/p>\n<p>Non \u00e8 difficile prevedere quindi che nel giro di qualche anno molti interventi di chirurgia orale , che oggi si effettuano in anestesia generale per motivi pratici , potranno essere effettuati con questo tipo di sedazione riducendo in primis i costi economici dell\u2019 intervento , evitando poi l\u2019 ospedalizzazione e la degenza notturna ed infine i possibili rischi e complicanze da intubazione e somministrazione di farmaci pi\u00f9 potenti di quelli usati nella sedazione cosciente . \u00a0<\/p>\n<p><\/p>","protected":false},"excerpt":{"rendered":"<p>Visita anestesiologica e anestesia :\u00a0 &#8211; La prenotazione della visita anestesiologica , quando necessaria , deve essere fatta dal medico operatore o dalla\u00a0\u00a0 sua segretaria \u00a0fornendo nome e cognome del paziente ed il suo recapito telefonico . &#8211; La visita avverr\u00e0 presso il Centro e sar\u00e0 compiuta dallo stesso anestesista che poi assister\u00e0 il paziente [&hellip;]<\/p>\n","protected":false},"author":1,"featured_media":0,"parent":51,"menu_order":0,"comment_status":"open","ping_status":"open","template":"","meta":[],"_links":{"self":[{"href":"https:\/\/stomatologicolariano.com\/it\/wp-json\/wp\/v2\/pages\/170"}],"collection":[{"href":"https:\/\/stomatologicolariano.com\/it\/wp-json\/wp\/v2\/pages"}],"about":[{"href":"https:\/\/stomatologicolariano.com\/it\/wp-json\/wp\/v2\/types\/page"}],"author":[{"embeddable":true,"href":"https:\/\/stomatologicolariano.com\/it\/wp-json\/wp\/v2\/users\/1"}],"replies":[{"embeddable":true,"href":"https:\/\/stomatologicolariano.com\/it\/wp-json\/wp\/v2\/comments?post=170"}],"version-history":[{"count":7,"href":"https:\/\/stomatologicolariano.com\/it\/wp-json\/wp\/v2\/pages\/170\/revisions"}],"predecessor-version":[{"id":370,"href":"https:\/\/stomatologicolariano.com\/it\/wp-json\/wp\/v2\/pages\/170\/revisions\/370"}],"up":[{"embeddable":true,"href":"https:\/\/stomatologicolariano.com\/it\/wp-json\/wp\/v2\/pages\/51"}],"wp:attachment":[{"href":"https:\/\/stomatologicolariano.com\/it\/wp-json\/wp\/v2\/media?parent=170"}],"curies":[{"name":"wp","href":"https:\/\/api.w.org\/{rel}","templated":true}]}}