{"id":161,"date":"2012-02-23T22:46:00","date_gmt":"2012-02-23T21:46:00","guid":{"rendered":"http:\/\/stomatologicolariano.com\/?page_id=161"},"modified":"2019-12-07T10:39:39","modified_gmt":"2019-12-07T09:39:39","slug":"protesi-fissa-e-mobile","status":"publish","type":"page","link":"https:\/\/stomatologicolariano.com\/it\/terapie\/protesi-fissa-e-mobile\/","title":{"rendered":"Protesi fissa e mobile"},"content":{"rendered":"<p><\/p>\n<div class=\"casilink\">CLICCA QUI E SCOPRI I CASI CLINICI DI PROTESI <a href=\"https:\/\/stomatologicolariano.com\/casi-clinici\/protesi-fissa\/\" style=\"color:#fff;font-weight:bold;\">FISSA<\/a> E <a href=\"https:\/\/stomatologicolariano.com\/casi-clinici\/protesi-mobile\/\" style=\"color:#fff;font-weight:bold;\">MOBILE<\/a><\/div>\n<div style=\"clear:both;height:20px;\"><\/div>\n<p><a href=\"http:\/\/stomatologicolariano.com\/wp-content\/uploads\/2012\/02\/medici.jpg\"><img loading=\"lazy\" class=\"alignnone size-full wp-image-276\" title=\"medici\" src=\"http:\/\/stomatologicolariano.com\/wp-content\/uploads\/2012\/02\/medici.jpg\" alt=\"\" width=\"583\" height=\"226\" srcset=\"https:\/\/stomatologicolariano.com\/wp-content\/uploads\/2012\/02\/medici.jpg 583w, https:\/\/stomatologicolariano.com\/wp-content\/uploads\/2012\/02\/medici-300x116.jpg 300w\" sizes=\"(max-width: 583px) 100vw, 583px\" \/><\/a><\/p>\n<p>La perdita anche di un solo dente comporta modificazioni a carico di tutto l\u2019apparato masticatorio , che si fanno sempre pi\u00f9 evidenti e difficilmente\u00a0 risolvibili quanto pi\u00f9 passa il tempo . <strong>Ogni elemento perso va sostituito .<\/strong><\/p>\n<p>Esistono protesi mobili e fisse :<\/p>\n<p>&#8211;\u00a0\u00a0\u00a0\u00a0\u00a0\u00a0\u00a0\u00a0 Le<strong> protesi mobili<\/strong> sono ancorate ai denti residui o appoggiate alle gengive se i denti sono mancanti del tutto .Vanno rimosse e pulite dopo ogni pasto . Hanno per\u00f2 con il passare degli anni \u00a0una azione nociva nei confronti dei denti di supporto, costretti a carichi e forze anomale che ne possono compromettere la stabilit\u00e0.<\/p>\n<p>&#8211;\u00a0\u00a0\u00a0\u00a0\u00a0\u00a0\u00a0\u00a0 Le <strong>protesi fisse<\/strong> consistono in denti artificiali che vengono posizionati in bocca cementandoli su quelli residui , una volta che questi siano stati \u201cpreparati\u201c , dopo cio\u00e8 che siano stati ridotti di volume asportandone lo smalto con strumenti rotanti e modellandone la forma in modo da renderli paralleli tra loro.<\/p>\n<p>In questo caso non c\u2019\u00e8 la necessit\u00e0 di rimuovere la protesi e i denti possono essere puliti con lo spazzolino come se fossero quelli naturali . I materiali oggi disponibili , come la ceramica con o senza oro , ci consentono di raggiungere risultati estetici praticamente perfetti .<\/p>\n<p>La protesi fissa ha per\u00f2 due limiti fondamentali : il primo \u00e8 la necessit\u00e0 di devitalizzare e fresare alcuni denti anche se non presentano lesioni cariose , il secondo \u00e8 relativo al fatto che la struttura protesica deve poggiare su un numero sufficiente di elementi pilastro \u00a0e non sempre questi sono disponibili .<\/p>\n<p>Questi limiti possono essere aggirati ricorrendo <strong>all\u2019implantologia<\/strong>, procedura che consiste nel posizionare chirurgicamente nell\u2019osso della mandibola o della mascella , nella sede dove manca il dente naturale, strutture di titanio simili per grandezza e forma alla radice naturale del dente. IL titanio \u00e8 un metallo che possiede la caratteristica di venire \u201c integrato \u201c dall\u2019 osso umano , che in qualche mese ingloba l\u2019 impianto in modo da renderlo adatto a sostenere un elemento protesico fisso .<\/p>\n<p><strong>CASI CLINICI:<\/strong><\/p>\n<p><strong>PRIMA \u00a0 \u00a0 \u00a0 \u00a0 \u00a0 \u00a0 \u00a0 \u00a0 \u00a0 \u00a0 \u00a0 \u00a0 \u00a0 \u00a0 \u00a0 \u00a0 \u00a0 \u00a0 \u00a0 \u00a0 \u00a0 \u00a0 \u00a0 \u00a0 \u00a0 \u00a0 \u00a0 \u00a0 \u00a0 \u00a0 \u00a0 \u00a0 \u00a0 \u00a0 \u00a0 \u00a0 \u00a0 \u00a0 \u00a0 \u00a0 \u00a0 \u00a0 \u00a0 DOPO<\/strong><\/p>\n<p><a href=\"http:\/\/stomatologicolariano.com\/wp-content\/uploads\/2012\/02\/PRIMA.jpg\"><img class=\"alignleft wp-image-1085\" title=\"PRIMA\" src=\"http:\/\/stomatologicolariano.com\/wp-content\/uploads\/2012\/02\/PRIMA.jpg\" alt=\"\" width=\"270\" srcset=\"https:\/\/stomatologicolariano.com\/wp-content\/uploads\/2012\/02\/PRIMA.jpg 1024w, https:\/\/stomatologicolariano.com\/wp-content\/uploads\/2012\/02\/PRIMA-300x146.jpg 300w\" sizes=\"(max-width: 1024px) 100vw, 1024px\" \/><\/a><a href=\"http:\/\/stomatologicolariano.com\/wp-content\/uploads\/2012\/02\/DOPO.jpg\"><img class=\"alignleft wp-image-1083\" title=\"DOPO\" src=\"http:\/\/stomatologicolariano.com\/wp-content\/uploads\/2012\/02\/DOPO.jpg\" alt=\"\" width=\"270\" srcset=\"https:\/\/stomatologicolariano.com\/wp-content\/uploads\/2012\/02\/DOPO.jpg 1024w, https:\/\/stomatologicolariano.com\/wp-content\/uploads\/2012\/02\/DOPO-300x141.jpg 300w\" sizes=\"(max-width: 1024px) 100vw, 1024px\" \/><\/a><\/p>\n<div style=\"height: 20px; clear: both;\"><\/div>\n<p><a href=\"http:\/\/stomatologicolariano.com\/wp-content\/uploads\/2012\/02\/PRIMA-2.jpg\"><img class=\"alignleft size-full wp-image-1084\" title=\"PRIMA (2)\" src=\"http:\/\/stomatologicolariano.com\/wp-content\/uploads\/2012\/02\/PRIMA-2.jpg\" alt=\"\" width=\"270\" srcset=\"https:\/\/stomatologicolariano.com\/wp-content\/uploads\/2012\/02\/PRIMA-2.jpg 667w, https:\/\/stomatologicolariano.com\/wp-content\/uploads\/2012\/02\/PRIMA-2-195x300.jpg 195w\" sizes=\"(max-width: 667px) 100vw, 667px\" \/><\/a><a href=\"http:\/\/stomatologicolariano.com\/wp-content\/uploads\/2012\/02\/DOPO-2.jpg\"><img class=\"alignleft size-full wp-image-1084\" title=\"PRIMA (2)\" src=\"http:\/\/stomatologicolariano.com\/wp-content\/uploads\/2012\/02\/DOPO-2.jpg\" alt=\"\" width=\"270\" \/><\/a><\/p>\n<div style=\"height: 20px; clear: both;\"><\/div>\n<p>Non c\u2019\u00e8 pi\u00f9 la necessit\u00e0, quindi , di intervenire sugli elementi dentari sani e si possono posizionare protesi fisse laddove \u00e8 impossibile senza il ricorso all\u2019 implantologia . <strong>\u201c Denti fissi in un giorno \u00a0solo su 4 o 6 impianti&#8221;<\/strong><\/p>\n<p>E\u2019 una nuova tecnica chirurgica che permette , in presenza di mascellari edentuli con gravi atrofie ossee , di poter posizionare in un\u2019 unica giornata una protesi fissa che poggia su quattro impianti senza intervenire in precedenza con innesti ossei o interventi invasivi di chirurgia maxillo-facciale .<\/p>\n<p>Per maggiori informazioni <a title=\"Denti fissi in 1 giorno\" href=\"http:\/\/stomatologicolariano.com\/servizi\/terapie\/denti-fissi-in-1-giorno\/\">clicca qui<\/a><\/p>\n<p><strong>\u00a0<\/strong><\/p>\n<p>&nbsp;<\/p>","protected":false},"excerpt":{"rendered":"<p>CLICCA QUI E SCOPRI I CASI CLINICI DI PROTESI FISSA E MOBILE La perdita anche di un solo dente comporta modificazioni a carico di tutto l\u2019apparato masticatorio , che si fanno sempre pi\u00f9 evidenti e difficilmente\u00a0 risolvibili quanto pi\u00f9 passa il tempo . Ogni elemento perso va sostituito . Esistono protesi mobili e fisse : [&hellip;]<\/p>\n","protected":false},"author":1,"featured_media":0,"parent":48,"menu_order":25,"comment_status":"open","ping_status":"closed","template":"","meta":[],"_links":{"self":[{"href":"https:\/\/stomatologicolariano.com\/it\/wp-json\/wp\/v2\/pages\/161"}],"collection":[{"href":"https:\/\/stomatologicolariano.com\/it\/wp-json\/wp\/v2\/pages"}],"about":[{"href":"https:\/\/stomatologicolariano.com\/it\/wp-json\/wp\/v2\/types\/page"}],"author":[{"embeddable":true,"href":"https:\/\/stomatologicolariano.com\/it\/wp-json\/wp\/v2\/users\/1"}],"replies":[{"embeddable":true,"href":"https:\/\/stomatologicolariano.com\/it\/wp-json\/wp\/v2\/comments?post=161"}],"version-history":[{"count":22,"href":"https:\/\/stomatologicolariano.com\/it\/wp-json\/wp\/v2\/pages\/161\/revisions"}],"predecessor-version":[{"id":2210,"href":"https:\/\/stomatologicolariano.com\/it\/wp-json\/wp\/v2\/pages\/161\/revisions\/2210"}],"up":[{"embeddable":true,"href":"https:\/\/stomatologicolariano.com\/it\/wp-json\/wp\/v2\/pages\/48"}],"wp:attachment":[{"href":"https:\/\/stomatologicolariano.com\/it\/wp-json\/wp\/v2\/media?parent=161"}],"curies":[{"name":"wp","href":"https:\/\/api.w.org\/{rel}","templated":true}]}}