{"id":156,"date":"2012-02-23T22:38:07","date_gmt":"2012-02-23T21:38:07","guid":{"rendered":"http:\/\/stomatologicolariano.com\/?page_id=156"},"modified":"2019-12-07T10:35:28","modified_gmt":"2019-12-07T09:35:28","slug":"implantologia","status":"publish","type":"page","link":"https:\/\/stomatologicolariano.com\/it\/terapie\/implantologia\/","title":{"rendered":"Implantologia"},"content":{"rendered":"<p><a href=\"https:\/\/stomatologicolariano.com\/casi-clinici\/implantologia-casi-clinici\/\"><\/p>\n<div class=\"casilink\">CLICCA QUI E SCOPRI I CASI CLINICI<\/div>\n<p><\/a><\/p>\n<div style=\"clear:both;\"><\/div>\n<p><a href=\"http:\/\/stomatologicolariano.com\/wp-content\/uploads\/2012\/02\/implantologia.jpg\"><img loading=\"lazy\" class=\"alignnone size-full wp-image-431\" title=\"implantologia\" alt=\"\" src=\"http:\/\/stomatologicolariano.com\/wp-content\/uploads\/2012\/02\/implantologia.jpg\" width=\"583\" height=\"226\" srcset=\"https:\/\/stomatologicolariano.com\/wp-content\/uploads\/2012\/02\/implantologia.jpg 583w, https:\/\/stomatologicolariano.com\/wp-content\/uploads\/2012\/02\/implantologia-300x116.jpg 300w\" sizes=\"(max-width: 583px) 100vw, 583px\" \/><\/a><\/p>\n<p>E\u2019 il ramo pi\u00f9 recente della continua ricerca odontoiatrica e negli ultimi anni ha raggiunto livelli di sicurezza , affidabilit\u00e0 e predicibilit\u00e0 di successo nel tempo tali da renderla<strong> la soluzione ottimale per qualsiasi caso di sostituzione di elementi dentali naturali persi .<\/strong><\/p>\n<p>La sostituzione dei denti persi pu\u00f2 comportare il coinvolgimento dei denti contigui alla perdita\u00a0 mediante l\u2019utilizzo di protesi fisse ancorate a denti naturali spesso sani. In alcuni casi le condizioni della bocca non permettono di poter posizionare protesi fisse ancorate su denti naturali e si \u00e8 costretti a ricorrere ad apparecchi mobili , che vanno rimossi e puliti dopo ogni pasto .<\/p>\n<p>L\u2019 implantologia \u00e8 nata anche e soprattutto per ovviare a questi inconvenienti come alternativa valida ai piani di trattamento pi\u00f9 tradizionali . L\u2019implantologia consiste nel posizionamento chirurgico di strutture cilindriche in titanio all\u2019 interno dell\u2019 osso nelle sedi corrispondenti alla perdita di un dente naturale\u00a0 svolgendo la funzione di \u201c radice \u201c sulla quale si possono cementare uno o pi\u00f9 denti artificiali fissi .<\/p>\n<p>Dopo una accurata fase diagnostica rappresentata dallo studio dei modelli occlusali del paziente e dalla valutazione radiografica delle strutture ossee mediante Ortopantomografia digitale e ,se necessario, TAC viene eseguito un piano di trattamento personalizzato e programmato l\u2019intervento durante il quale vengono posizionati gli impianti completamente sommersi nell\u2019 osso e ricoperti dalla gengiva .<\/p>\n<p>Segue un periodo di pausa variabile tra i 4 e i 6 mesi per consentire l\u2019osteointegrazione degli impianti e quindi una seconda fase per la riapertura e lo scoprimento della \u201ctesta\u201d degli impianti e la connessione a questi dei monconi , cio\u00e8 dei \u201dperni\u201d che fuoriescono dalla gengiva e sui quali verranno cementate le corone in porcellana o in resina\/composito, esattamente come se fossero monconi di denti naturali .<\/p>\n<p id=\"player1\" style=\"display:none\"><a href=\"http:\/\/www.macromedia.com\/go\/getflashplayer\">Get the latest Flash Player<\/a> to see this player.<\/p>\n<noscript><p>[Javascript required to view Flash movie, please turn it on and refresh this page]<\/p><\/noscript>\n\n<script type=\"text\/javascript\">\n\tdocument.getElementById(\"player1\").style.display = \"\";\n\t\n\tvar s1 = new SWFObject(\"https:\/\/stomatologicolariano.com\/wp-content\/plugins\/flv-embed\/flvplayer.swf\",\"player1\",\"580\",\"340\",\"7\");\n\ts1.addParam(\"wmode\",\"transparent\");\n\ts1.addParam(\"allowscriptaccess\",\"always\");\n\ts1.addParam(\"allowfullscreen\",\"true\");\n\ts1.addVariable(\"height\",\"340\");\n\ts1.addVariable(\"width\",\"580\"); \n\ts1.addVariable(\"file\",\"\/images\/poster\/signora.flv\");\n\ts1.addVariable(\"image\",\"\/images\/poster\/signora.jpg\");\n\ts1.addVariable(\"link\",\"\/images\/poster\/signora.flv\");\n\ts1.write(\"player1\");\n<\/script>\n<p>La ricerca scientifica in continua evoluzione ha recentemente permesso di posizionare e protesizzare immediatamente gli impianti ( <strong>implantologia \u201ca carico immediato\u201d<\/strong>) senza aspettare i tempi fisiologici della osteo-integrazione : \u00e8 possibile cio\u00e8 in un\u2019unica seduta posizionare gli impianti nell\u2019osso , avvitarvi i monconi e porre su questi i denti provvisori fissi . Dopo 3 o 5 mesi si pu\u00f2 procedere alla protesizzazione finale .<\/p>\n<p>Tale tecnica del carico immediato in implantologia\u00a0 si pu\u00f2 eseguire sia per denti singoli sia su bocche prive totalmente di denti da numerosi anni spesso in condizioni di grave atrofia ossea .<\/p>\n<p>Tutto si esegue in un giorno e solo su 4 o 6 impianti sul mascellare superiore e sulla mandibola : il paziente entra in sala operatoria con una o due protesi mobili ed esce con una o due protesi fisse ancorate sugli impianti , pu\u00f2 ritornare presso il proprio domicilio\u00a0 ed utilizzarli immediatamente masticando.<\/p>\n<p>Presso lo <strong>Stomatologico Lariano<\/strong> sono state perfezionate<strong> tecniche chirurgiche e maxillo-facciali all\u2019avanguardia<\/strong> che permettono, in un\u2019unica giornata , di posizionare impianti endo-ossei \u00a0e protesizzarli con denti fissi in qualsiasi condizione di edentulia e atrofia ossea .<\/p>\n<p>Il titanio \u00e8 un metallo caratterizzato da alta tollerabilit\u00e0 organica , tanto che \u00e8 comunemente usato nella produzione delle protesi ortopediche . Non esiste il rigetto , che \u00e8 la reazione immunologica da parte del nostro organismo nei confronti di un organo \u201c non self \u201c come avviene nei trapianto d\u2019organo : il titanio non stimola alcuna reazione immunitaria da parte del tessuto ricevente , viene anzi osteointegrato cio\u00e8 \u201c inglobato \u201c dall\u2019 osso con un processo che richiede dai tre ai sei mesi a seconda della sede d\u2019 inserzione .<\/p>\n<p>Presso lo<strong> Stomatologico Lariano srl<\/strong> vengono utilizzati vari sistemi implantari che ben si adattano ad ogni esigenza del paziente (impianti con marchio CE e certificazione ISO 2001)<\/p>\n<p>Il <strong>Professor Branemark<\/strong> fu il primo medico chirurgo , in tutto il mondo , nel 1965 a posizionare degli impianti endo-ossei in un essere umano con successo e predicibilit\u00e0:<strong> il Dr. Massimo Cianci<\/strong> , gi\u00e0 da molti anni , ha acquisito ed applica sui propri pazienti tale metodica\u00a0 con successo. Sono pertanto da <strong>evitare impianti artigianali<\/strong> , di cui purtroppo in Italia vi \u00e8 un mercato diffusissimo \u00a0o<strong> \u201ccloni \u201c di impianti<\/strong> commercializzati da ditte non qualificate dei quali non \u00e8 chiara la provenienza o la composizione chimica nonostante vengano offerti al medico e conseguentemente al paziente a prezzi <strong>notevolmente inferiori<\/strong>\u00a0 : in tali situazioni sono frequenti i problemi di osteo-integrazione e di fratture della componentistica protesica .<\/p>\n<p><strong>L\u2019intervento chirurgico<\/strong> viene effettuato<strong> ambulatorialmene in anestesia locale<\/strong> o , se necessario ,<strong> in sedo-analgesia farmacologica in presenza di un anestesista<\/strong> .<\/p>\n<p>Il dolore post-operatorio \u00e8 \u00a0assente tanto che il paziente pu\u00f2 in giornata o al massimo in quella successiva riprendere la normale attivit\u00e0 lavorativa<\/p>\n<p>&nbsp;<\/p>\n<p><\/p>","protected":false},"excerpt":{"rendered":"<p>CLICCA QUI E SCOPRI I CASI CLINICI E\u2019 il ramo pi\u00f9 recente della continua ricerca odontoiatrica e negli ultimi anni ha raggiunto livelli di sicurezza , affidabilit\u00e0 e predicibilit\u00e0 di successo nel tempo tali da renderla la soluzione ottimale per qualsiasi caso di sostituzione di elementi dentali naturali persi . La sostituzione dei denti persi [&hellip;]<\/p>\n","protected":false},"author":1,"featured_media":0,"parent":48,"menu_order":10,"comment_status":"open","ping_status":"closed","template":"","meta":[],"_links":{"self":[{"href":"https:\/\/stomatologicolariano.com\/it\/wp-json\/wp\/v2\/pages\/156"}],"collection":[{"href":"https:\/\/stomatologicolariano.com\/it\/wp-json\/wp\/v2\/pages"}],"about":[{"href":"https:\/\/stomatologicolariano.com\/it\/wp-json\/wp\/v2\/types\/page"}],"author":[{"embeddable":true,"href":"https:\/\/stomatologicolariano.com\/it\/wp-json\/wp\/v2\/users\/1"}],"replies":[{"embeddable":true,"href":"https:\/\/stomatologicolariano.com\/it\/wp-json\/wp\/v2\/comments?post=156"}],"version-history":[{"count":17,"href":"https:\/\/stomatologicolariano.com\/it\/wp-json\/wp\/v2\/pages\/156\/revisions"}],"predecessor-version":[{"id":2207,"href":"https:\/\/stomatologicolariano.com\/it\/wp-json\/wp\/v2\/pages\/156\/revisions\/2207"}],"up":[{"embeddable":true,"href":"https:\/\/stomatologicolariano.com\/it\/wp-json\/wp\/v2\/pages\/48"}],"wp:attachment":[{"href":"https:\/\/stomatologicolariano.com\/it\/wp-json\/wp\/v2\/media?parent=156"}],"curies":[{"name":"wp","href":"https:\/\/api.w.org\/{rel}","templated":true}]}}