{"id":151,"date":"2012-02-22T17:25:05","date_gmt":"2012-02-22T16:25:05","guid":{"rendered":"http:\/\/stomatologicolariano.com\/?page_id=151"},"modified":"2019-12-07T10:33:22","modified_gmt":"2019-12-07T09:33:22","slug":"ortodonzia","status":"publish","type":"page","link":"https:\/\/stomatologicolariano.com\/it\/terapie\/ortodonzia\/","title":{"rendered":"Ortodonzia"},"content":{"rendered":"<p><a href=\"https:\/\/stomatologicolariano.com\/casi-clinici\/ortodonzia-casi-clinici\/\"><\/p>\n<div class=\"casilink\">CLICCA QUI E SCOPRI I CASI CLINICI<\/div>\n<p><\/a><\/p>\n<div style=\"clear:both;\"><\/div>\n<p><a href=\"http:\/\/stomatologicolariano.com\/wp-content\/uploads\/2012\/02\/ortodonzia.jpg\"><img loading=\"lazy\" class=\"alignnone size-full wp-image-716\" title=\"ortodonzia\" src=\"http:\/\/stomatologicolariano.com\/wp-content\/uploads\/2012\/02\/ortodonzia.jpg\" alt=\"\" width=\"583\" height=\"226\" srcset=\"https:\/\/stomatologicolariano.com\/wp-content\/uploads\/2012\/02\/ortodonzia.jpg 583w, https:\/\/stomatologicolariano.com\/wp-content\/uploads\/2012\/02\/ortodonzia-300x116.jpg 300w\" sizes=\"(max-width: 583px) 100vw, 583px\" \/><\/a><\/p>\n<p>L\u2019 ortodonzia \u00e8 la branca dell\u2019odontoiatria che si occupa della correzione della posizione dei denti, migliorando la masticazione, la respirazione e l\u2019estetica . L\u2019 ortodonzia partecipa alla terapia globale del sistema masticatorio sia per gli adulti che per i pi\u00f9 giovani, facilita se necessario le riabilitazioni protesiche e il posizionamento degli impianti , evita la recidiva parodontale dopo la chirurgia e pu\u00f2 risolvere le complicanze della malocclusione dentale come la cefalea e tutti i disturbi cranio-cervico-mandibolari .<\/p>\n<p>Si ricorre all\u2019 <strong>ortodonzia<\/strong> non solo per <strong>migliorare la funzione della bocca<\/strong> ma anche per <strong>migliorare l\u2019estetica<\/strong> .<\/p>\n<p>Presso lo Stomatologico Lariano srl viene eseguita l\u2019<strong>ORTODONZIA PREVENTIVA<\/strong> e cio\u00e8 la diagnosi precoce ed il trattamento di tutte le malocclusioni gi\u00e0 presenti <strong>nei bambini dai quattro ai sei anni<\/strong> di et\u00e0 al fine di prevenire o di correggere eventuali patologie dentoscheletriche gi\u00e0 manifestatesi nei primi anni di vita .<\/p>\n<p>Grande attenzione poi viene data all\u2019 <strong>ORTODONZIA INTERCETTIVA<\/strong> e cio\u00e8 alla diagnosi ed al trattamento di tutte le malocclusioni dentoscheletriche <strong>dai sei ai dieci anni<\/strong> di et\u00e0 che possono essere , se trattate precocemente , risolutive o rendere pi\u00f9 semplice e rapida l\u2019eventuale terapia ortodontica fissa definitiva.<\/p>\n<p>E\u2019 proprio in questa fascia di et\u00e0 che si riesce ad influenzare in maniera appropriata la crescita ossea tanto che si pu\u00f2 parlare di \u201c ortopedia maxillo-facciale \u201c .<\/p>\n<p>Infine l\u2019 <strong>ORTODONZIA PROPRIAMENTE DETTA<\/strong> che utilizza vari tipi di dispositivi mobili o fissi per correggere malocclusioni dentali gi\u00e0 consolidate dal punto di vista scheletrico e per ricreare una situazione di normalit\u00e0 : l\u2019applicazione va <strong>dai dodici anni senza limiti di et\u00e0 nell\u2019 adulto<\/strong> . Ad ogni modo bisogna tener conto che, oltre che dal punto di vista cronologico , anche dal punto di vista pratico i confini tra queste tre fasi ortodontiche non sono ben distinguibili . Si ricorre all\u2019 ortodonzia non solo per migliorare la funzione della bocca ma anche per migliorare <strong>l\u2019estetica<\/strong>.<\/p>\n<p>Le tecniche disponibili presso il nostro Centro sono diverse a seconda dell\u2019 esigenza del paziente :<\/p>\n<ul>\n<li><strong>apparecchi ortodontici mobili<\/strong><\/li>\n<li><strong>apparecchi fissi metallici o in ceramica<\/strong><\/li>\n<li><strong>apparecchi fissi linguali<\/strong><\/li>\n<li><strong>apparecchi invisibili<\/strong><\/li>\n<\/ul>\n<p>Questi ultimi vengono proposti ai pazienti pi\u00f9 esigenti cio\u00e8 quelli che richiedono la totale invisibilit\u00e0 dell\u2019apparecchio ortodontico . I <strong>tempi di trattamento<\/strong> variano dai sei ai trenta mesi a seconda della gravit\u00e0 della malocclusione dentale .<\/p>\n<p><a href=\"http:\/\/stomatologicolariano.com\/wp-content\/uploads\/2012\/02\/orto1.jpg\"><img loading=\"lazy\" title=\"orto1\" src=\"http:\/\/stomatologicolariano.com\/wp-content\/uploads\/2012\/02\/orto1.jpg\" alt=\"\" width=\"583\" height=\"400\" \/><\/a><\/p>\n<p><a href=\"http:\/\/stomatologicolariano.com\/wp-content\/uploads\/2012\/02\/orto2.jpg\"><img loading=\"lazy\" title=\"orto1\" src=\"http:\/\/stomatologicolariano.com\/wp-content\/uploads\/2012\/02\/orto2.jpg\" alt=\"\" width=\"583\" height=\"400\" \/><\/a><\/p>","protected":false},"excerpt":{"rendered":"<p>CLICCA QUI E SCOPRI I CASI CLINICI L\u2019 ortodonzia \u00e8 la branca dell\u2019odontoiatria che si occupa della correzione della posizione dei denti, migliorando la masticazione, la respirazione e l\u2019estetica . L\u2019 ortodonzia partecipa alla terapia globale del sistema masticatorio sia per gli adulti che per i pi\u00f9 giovani, facilita se necessario le riabilitazioni protesiche e [&hellip;]<\/p>\n","protected":false},"author":1,"featured_media":0,"parent":48,"menu_order":55,"comment_status":"open","ping_status":"closed","template":"","meta":[],"_links":{"self":[{"href":"https:\/\/stomatologicolariano.com\/it\/wp-json\/wp\/v2\/pages\/151"}],"collection":[{"href":"https:\/\/stomatologicolariano.com\/it\/wp-json\/wp\/v2\/pages"}],"about":[{"href":"https:\/\/stomatologicolariano.com\/it\/wp-json\/wp\/v2\/types\/page"}],"author":[{"embeddable":true,"href":"https:\/\/stomatologicolariano.com\/it\/wp-json\/wp\/v2\/users\/1"}],"replies":[{"embeddable":true,"href":"https:\/\/stomatologicolariano.com\/it\/wp-json\/wp\/v2\/comments?post=151"}],"version-history":[{"count":12,"href":"https:\/\/stomatologicolariano.com\/it\/wp-json\/wp\/v2\/pages\/151\/revisions"}],"predecessor-version":[{"id":2204,"href":"https:\/\/stomatologicolariano.com\/it\/wp-json\/wp\/v2\/pages\/151\/revisions\/2204"}],"up":[{"embeddable":true,"href":"https:\/\/stomatologicolariano.com\/it\/wp-json\/wp\/v2\/pages\/48"}],"wp:attachment":[{"href":"https:\/\/stomatologicolariano.com\/it\/wp-json\/wp\/v2\/media?parent=151"}],"curies":[{"name":"wp","href":"https:\/\/api.w.org\/{rel}","templated":true}]}}