{"id":148,"date":"2012-02-22T17:21:27","date_gmt":"2012-02-22T16:21:27","guid":{"rendered":"http:\/\/stomatologicolariano.com\/?page_id=148"},"modified":"2019-12-07T10:34:24","modified_gmt":"2019-12-07T09:34:24","slug":"parodonto","status":"publish","type":"page","link":"https:\/\/stomatologicolariano.com\/it\/terapie\/malattia-parodontale\/","title":{"rendered":"Malattia Parodontale"},"content":{"rendered":"<p><a href=\"https:\/\/stomatologicolariano.com\/casi-clinici\/igiene-dentale\/\"><\/p>\n<div class=\"casilink\">CLICCA QUI E SCOPRI I CASI CLINICI<\/div>\n<p><\/a><\/p>\n<div style=\"clear:both;\"><\/div>\n<p><a href=\"http:\/\/stomatologicolariano.com\/wp-content\/uploads\/2012\/02\/orari.jpg\"><img loading=\"lazy\" class=\"alignnone size-full wp-image-255\" title=\"orari\" src=\"http:\/\/stomatologicolariano.com\/wp-content\/uploads\/2012\/02\/orari.jpg\" alt=\"\" width=\"583\" height=\"226\" srcset=\"https:\/\/stomatologicolariano.com\/wp-content\/uploads\/2012\/02\/orari.jpg 583w, https:\/\/stomatologicolariano.com\/wp-content\/uploads\/2012\/02\/orari-300x116.jpg 300w\" sizes=\"(max-width: 583px) 100vw, 583px\" \/><\/a><\/p>\n<p>La Malattia Parodontale \u00e8 un\u2019infezione batterica che attacca il parodonto, il quale \u00e8 formato da gengive, osso e da altri tessuti di sostegno dei denti . Essendo spesso indolore pu\u00f2 capitare che ci si accorga della malattia parodontale solo quando le gengive ed il tessuto osseo sottostante sono gi\u00e0 seriamente compromessi .<\/p>\n<p>La <strong>Malattia Parodontale , o \u201c PIORREA \u201c<\/strong> \u00e8 la causa pi\u00f9 frequente di perdita dei denti nell\u2019 adulto : visite di controllo regolari permettono di fare una diagnosi precoce della malattia parodontale e di mettere in atto adeguate misure di prevenzione e di trattamento .<\/p>\n<p>La <strong>placca batterica<\/strong> \u00e8 una pellicola bianco-giallastra, composta da batteri e da residui organici del cibo, che si deposita sulla superficie dei denti soprattutto in prossimit\u00e0 della linea gengivale . Se non costantemente rimossa con un corretto spazzolamento essa tende ad indurire e a calcificare trasformandosi in <strong>tartaro<\/strong>.<\/p>\n<p>Il tartaro, depositandosi al di sotto della gengiva, rende pi\u00f9 difficile l\u2019asportazione quotidiana della placca stessa : i batteri presenti nella placca producono delle tossine che infiammano le gengive, l\u2019osso e gli altri tessuti che sostengono in dente . Le cause della malattia parodontale , oltre la placca batterica che ne \u00e8 la principale , sono anche il fumo , una predisposizione ereditaria ( una persona su tre \u00e8 predisposta geneticamente ) , la gravidanza e tutte quelle situazioni che rendono pi\u00f9 debole la risposta immunitaria del nostro organismo alle infezioni come lo stress, malattie sistemiche come il diabete mellito, farmaci (antidepressivi,contraccettivi, antipertensivi) che possono influire negativamente sulla salute del cavo orale .<\/p>\n<p>E\u2019 bene consultare il dentista quando il paziente avverte sintomi come gengive che sanguinano facilmente con lo spazzolamento , gengive arrossate, gonfie e sensibili , gengive scollate dai denti , gengive con fuoriuscita spontanea o alla compressione di pus, alitosi persistente, denti con mobilit\u00e0 evidente ,spostamento dei denti con creazione di spazio tra un dente e l\u2019altro .<\/p>\n<p>La diagnosi della malattia parodontale deve essere fatta il pi\u00f9 precocemente possibile : in condizioni normali la parte superiore della gengiva \u00e8 staccata per un\u2019altezza di circa 3 mm ( solco gengivale ) .<\/p>\n<p>Nel caso di malattia parodontale questo spazio aumenta formando una <strong>tasca parodontale<\/strong> dove si accumula placca batterica e l\u2019 igiene domiciliare diventa difficile . Una sonda millimetrata inserita tra un dente e la gengiva misura la profondit\u00e0 della tasca parodontale : nella diagnosi della malattia parodontale si valuta, inoltre,se le gengive sanguinano , sono gonfie , se i denti presentano mobilit\u00e0 o sono sensibili .<\/p>\n<p>Infine il quadro diagnostico completo della malattia parodontale si ha facendo uno status radiografico completo dente per dente per valutare radiograficamente il grado di riassorbimento osseo .<\/p>","protected":false},"excerpt":{"rendered":"<p>CLICCA QUI E SCOPRI I CASI CLINICI La Malattia Parodontale \u00e8 un\u2019infezione batterica che attacca il parodonto, il quale \u00e8 formato da gengive, osso e da altri tessuti di sostegno dei denti . Essendo spesso indolore pu\u00f2 capitare che ci si accorga della malattia parodontale solo quando le gengive ed il tessuto osseo sottostante sono [&hellip;]<\/p>\n","protected":false},"author":1,"featured_media":0,"parent":48,"menu_order":40,"comment_status":"open","ping_status":"closed","template":"","meta":[],"_links":{"self":[{"href":"https:\/\/stomatologicolariano.com\/it\/wp-json\/wp\/v2\/pages\/148"}],"collection":[{"href":"https:\/\/stomatologicolariano.com\/it\/wp-json\/wp\/v2\/pages"}],"about":[{"href":"https:\/\/stomatologicolariano.com\/it\/wp-json\/wp\/v2\/types\/page"}],"author":[{"embeddable":true,"href":"https:\/\/stomatologicolariano.com\/it\/wp-json\/wp\/v2\/users\/1"}],"replies":[{"embeddable":true,"href":"https:\/\/stomatologicolariano.com\/it\/wp-json\/wp\/v2\/comments?post=148"}],"version-history":[{"count":11,"href":"https:\/\/stomatologicolariano.com\/it\/wp-json\/wp\/v2\/pages\/148\/revisions"}],"predecessor-version":[{"id":2205,"href":"https:\/\/stomatologicolariano.com\/it\/wp-json\/wp\/v2\/pages\/148\/revisions\/2205"}],"up":[{"embeddable":true,"href":"https:\/\/stomatologicolariano.com\/it\/wp-json\/wp\/v2\/pages\/48"}],"wp:attachment":[{"href":"https:\/\/stomatologicolariano.com\/it\/wp-json\/wp\/v2\/media?parent=148"}],"curies":[{"name":"wp","href":"https:\/\/api.w.org\/{rel}","templated":true}]}}