{"id":145,"date":"2012-02-22T17:03:37","date_gmt":"2012-02-22T16:03:37","guid":{"rendered":"http:\/\/stomatologicolariano.com\/?page_id=145"},"modified":"2017-07-15T17:06:11","modified_gmt":"2017-07-15T15:06:11","slug":"conservativa","status":"publish","type":"page","link":"https:\/\/stomatologicolariano.com\/it\/terapie\/conservativa\/","title":{"rendered":"Conservativa"},"content":{"rendered":"<p><a href=\"http:\/\/stomatologicolariano.com\/wp-content\/uploads\/2012\/02\/conservativa.jpg\"><img loading=\"lazy\" class=\"alignnone size-full wp-image-423\" title=\"conservativa\" src=\"http:\/\/stomatologicolariano.com\/wp-content\/uploads\/2012\/02\/conservativa.jpg\" alt=\"\" width=\"583\" height=\"226\" srcset=\"https:\/\/stomatologicolariano.com\/wp-content\/uploads\/2012\/02\/conservativa.jpg 583w, https:\/\/stomatologicolariano.com\/wp-content\/uploads\/2012\/02\/conservativa-300x116.jpg 300w\" sizes=\"(max-width: 583px) 100vw, 583px\" \/><\/a><\/p>\n<p><strong>\u201cConservativa\u201d<\/strong> : con questo termine identifichiamo tutte le cure necessarie per ripristinare la salute dei denti colpiti da malattia detta <strong>\u201c CARIE \u201c<\/strong> .<\/p>\n<p>Pulizia, disinfezione nella cavit\u00e0 del dente ,asportazione del tessuto malato ed infetto dalla carie : ricostruzione della sostanza dentale perduta mediante materiale da otturazione .<\/p>\n<p>Grazie al nostro costante aggiornamento, <strong>il materiale<\/strong> che proponiamo ai nostri pazienti \u00e8 sempre il pi\u00f9 <strong>\u201c sicuro \u201c e \u201c moderno \u201c<\/strong> . Da oltre dieci anni non usiamo pi\u00f9 come materiale di ricostruzione dei denti l\u2019amalgama d\u2019argento . Troppi sono i dubbi sulla presunta dannosit\u00e0 di questo materiale, o meglio, di uno dei suoi componenti : il mercurio .<\/p>\n<p>Il sospetto \u00e8 che il mercurio , soprattutto nei primi giorni successivi all\u2019otturazione , venga riassorbito dall\u2019 organismo depositandosi in altri organi come i reni ed in altri organi .<\/p>\n<p>Per tali motivi l\u2019amalgama d\u2019argento \u00e8 stata bandita dall\u2019autorit\u00e0 di alcuni paesi come la Svezia . La nostra decisione \u00e8 stata quella di bandire dal nostro studio l\u2019amalgama d\u2019argento per la nostra tutela ( non vogliamo che il personale dello studio respiri i vapori di mercurio che si sprigionano durante la preparazione del materiale ) e per quella dei nostri pazienti .<\/p>\n<p><strong>\u00a0LA DIGA DI GOMMA PER OTTURAZIONI E DEVITALIZZAZIONI\u00a0DI QUALITA&#8217;<\/strong><\/p>\n<p><a href=\"http:\/\/stomatologicolariano.com\/wp-content\/uploads\/2012\/02\/conservativa1.jpg\"><img loading=\"lazy\" class=\"alignnone size-full wp-image-750\" title=\"conservativa\" src=\"http:\/\/stomatologicolariano.com\/wp-content\/uploads\/2012\/02\/conservativa1.jpg\" alt=\"\" width=\"583\" height=\"400\" srcset=\"https:\/\/stomatologicolariano.com\/wp-content\/uploads\/2012\/02\/conservativa1.jpg 583w, https:\/\/stomatologicolariano.com\/wp-content\/uploads\/2012\/02\/conservativa1-300x205.jpg 300w\" sizes=\"(max-width: 583px) 100vw, 583px\" \/><\/a><\/p>\n<p>Le nostre <strong>OTTURAZIONI<\/strong>vengono perci\u00f2 effettuate con :<\/p>\n<ul>\n<li>I<strong> compositi estetici<\/strong> pi\u00f9 moderni costituiti da una matrice organica ( resina ) che conferisce la plasticit\u00e0 e l\u2019adattabilit\u00e0 al materiale all\u2019interno della cavit\u00e0 cariosa e da una parte inorganica ( ceramica e vetro ) che conferisce la robustezza , la resistenza alle abrasioni e la lucentezza .Vengono usati sia nei settori anteriori che posteriori.<\/li>\n<li>Vi \u00e8 inoltre la possibilit\u00e0 di restaurare l\u2019elemento dentale cariato utilizzando gli <strong>intarsi<\/strong> , cio\u00e8 delle piccole protesi in oro, in composito o porcellana prodotte nel laboratorio odontotecnico, che riproducono la parte del dente persa a causa della carie e che vengono poi cementate nel dente.\u00a0E\u2019 una metodica che comporta la preparazione della cavit\u00e0 risanata, la presa dell\u2019impronta, le varie prove e la cementazione finale.\u00a0E\u2019 il modo migliore per curare una carie, il pi\u00f9 sicuro, il pi\u00f9 valido esteticamente ed il pi\u00f9 stabile e durevole nel tempo .<\/li>\n<\/ul>\n<p id=\"player1\" style=\"display:none\"><a href=\"http:\/\/www.macromedia.com\/go\/getflashplayer\">Get the latest Flash Player<\/a> to see this player.<\/p>\n<noscript><p>[Javascript required to view Flash movie, please turn it on and refresh this page]<\/p><\/noscript>\n\n<script type=\"text\/javascript\">\n\tdocument.getElementById(\"player1\").style.display = \"\";\n\t\n\tvar s1 = new SWFObject(\"https:\/\/stomatologicolariano.com\/wp-content\/plugins\/flv-embed\/flvplayer.swf\",\"player1\",\"580\",\"340\",\"7\");\n\ts1.addParam(\"wmode\",\"transparent\");\n\ts1.addParam(\"allowscriptaccess\",\"always\");\n\ts1.addParam(\"allowfullscreen\",\"true\");\n\ts1.addVariable(\"height\",\"340\");\n\ts1.addVariable(\"width\",\"580\"); \n\ts1.addVariable(\"file\",\"\/images\/poster\/conservativa.flv\");\n\ts1.addVariable(\"image\",\"\/images\/poster\/conservativa.jpg\");\n\ts1.addVariable(\"link\",\"\/images\/poster\/conservativa.flv\");\n\ts1.write(\"player1\");\n<\/script><\/p>","protected":false},"excerpt":{"rendered":"<p>\u201cConservativa\u201d : con questo termine identifichiamo tutte le cure necessarie per ripristinare la salute dei denti colpiti da malattia detta \u201c CARIE \u201c . Pulizia, disinfezione nella cavit\u00e0 del dente ,asportazione del tessuto malato ed infetto dalla carie : ricostruzione della sostanza dentale perduta mediante materiale da otturazione . Grazie al nostro costante aggiornamento, il [&hellip;]<\/p>\n","protected":false},"author":1,"featured_media":0,"parent":48,"menu_order":80,"comment_status":"open","ping_status":"closed","template":"","meta":[],"_links":{"self":[{"href":"https:\/\/stomatologicolariano.com\/it\/wp-json\/wp\/v2\/pages\/145"}],"collection":[{"href":"https:\/\/stomatologicolariano.com\/it\/wp-json\/wp\/v2\/pages"}],"about":[{"href":"https:\/\/stomatologicolariano.com\/it\/wp-json\/wp\/v2\/types\/page"}],"author":[{"embeddable":true,"href":"https:\/\/stomatologicolariano.com\/it\/wp-json\/wp\/v2\/users\/1"}],"replies":[{"embeddable":true,"href":"https:\/\/stomatologicolariano.com\/it\/wp-json\/wp\/v2\/comments?post=145"}],"version-history":[{"count":11,"href":"https:\/\/stomatologicolariano.com\/it\/wp-json\/wp\/v2\/pages\/145\/revisions"}],"predecessor-version":[{"id":2067,"href":"https:\/\/stomatologicolariano.com\/it\/wp-json\/wp\/v2\/pages\/145\/revisions\/2067"}],"up":[{"embeddable":true,"href":"https:\/\/stomatologicolariano.com\/it\/wp-json\/wp\/v2\/pages\/48"}],"wp:attachment":[{"href":"https:\/\/stomatologicolariano.com\/it\/wp-json\/wp\/v2\/media?parent=145"}],"curies":[{"name":"wp","href":"https:\/\/api.w.org\/{rel}","templated":true}]}}