{"id":138,"date":"2012-02-22T16:42:05","date_gmt":"2012-02-22T15:42:05","guid":{"rendered":"http:\/\/stomatologicolariano.com\/?page_id=138"},"modified":"2019-12-02T21:18:18","modified_gmt":"2019-12-02T20:18:18","slug":"denti-e-postura","status":"publish","type":"page","link":"https:\/\/stomatologicolariano.com\/it\/terapie\/gnatologia-bite\/","title":{"rendered":"Gnatologia &#8211; Bite"},"content":{"rendered":"<p><a href=\"http:\/\/stomatologicolariano.com\/wp-content\/uploads\/2012\/02\/gnatologia.jpg\"><img loading=\"lazy\" class=\"alignnone size-full wp-image-425\" title=\"gnatologia\" src=\"http:\/\/stomatologicolariano.com\/wp-content\/uploads\/2012\/02\/gnatologia.jpg\" alt=\"\" width=\"583\" height=\"226\" srcset=\"https:\/\/stomatologicolariano.com\/wp-content\/uploads\/2012\/02\/gnatologia.jpg 583w, https:\/\/stomatologicolariano.com\/wp-content\/uploads\/2012\/02\/gnatologia-300x116.jpg 300w\" sizes=\"(max-width: 583px) 100vw, 583px\" \/><\/a><\/p>\n<p>Per <strong>&#8220;gnatologia&#8221;<\/strong>\u00a0si intende lo studio di tutte quelle funzioni e organi che sono collegati all\u2019 occlusione dei denti sia in situazioni di normalit\u00e0 che in situazioni di patologia: il termine <strong>\u201cocclusione \u201c<\/strong> si riferisce letteralmente ai contatti tra i denti delle due arcate dentarie superiore e inferiore sia in una posizione statica a bocca chiusa che in una posizione dinamica durante la masticazione e la fonazione .<\/p>\n<p>Presso lo <strong>Stomatologico Lariano<\/strong> la gnatologia non \u00e8 considerata come una branca dell\u2019odontoiatria a se stante : secondo il nostro parere deve essere considerata come un modo \u201cdiverso\u201d di osservare la bocca , non secondo compartimenti stagni, ma in tutto il suo complesso all\u2019interno di una strategia globale che associa ed integra insieme anatomia occlusale, articolazioni temporo-mandibolari, neuro-muscolatura e psiche e le collega strettamente l\u2019una all\u2019altra .<\/p>\n<p>Una occlusione non corretta determinata da una malposizione dei denti naturali o da protesi dentarie fisse e mobili incongrue (capsule o denti in resina che toccano prima a causa dell\u2019errata modellazione da parte di un odontotecnico) pu\u00f2 essere la causa dell\u2019 insorgenza di dolori riferiti alla bocca ed al massiccio cranio-facciale : tali dolori riferiti spesso dal paziente come dolore dentale o dolore a livello delle articolazioni temporo-mandibolari in corrispondenza dell\u2019 orecchio o talvolta come dolore\/cefalea possono essere spontanei a riposo, riferiti durante la masticazione o rilevati dal dentista con la palpazione e la manipolazione funzionale della mandibola durante la visita gnatologica .<\/p>\n<p>Presso lo Stomatologico Lariano la<strong> \u201c visita gnatologica \u201c<\/strong> rappresenta lo strumento unico ed essenziale per fare la diagnosi di malocclusione dentale e per il conseguente piano di cura : ad essa si aggiungono lo studio dei modelli in gesso delle arcate dentarie e, se necessario, lo studio radiografico delle arcate dentarie e delle articolazioni temporo-mandibolari (ATM) .<\/p>\n<p>Si parla di<strong> \u201c occlusione traumatica \u201d<\/strong>tutte le volte che le forze che si scaricano sulle superfici occlusali dei denti sono in grado di produrre dei danni ai tessuti che sostengono i denti stessi invece di concorrere a conservarne nel tempo la salute e la funzionalit\u00e0 . Ci\u00f2 avviene prevalentemente in tre situazioni cliniche :<\/p>\n<ul>\n<li>quando forze masticatorie e occlusali abnormi generate da ipertoni e spasmi muscolari diurni o notturni si scaricano sui tessuti sostanzialmente sani : questa azione dannosa si manifesta prevalentemente nei casi di <strong>digrignamento<\/strong> forte o di <strong>bruxismo<\/strong> notturno<\/li>\n<li>quando forze masticatorie e occlusali normali o anche superiori al normale vengono scaricate su denti malposizionati o su protesi dentarie fisse o mobili che masticano male e quindi diventano dannose<\/li>\n<li>quando forze masticatorie e occlusali di grandezza normale o inferiore al normale si scaricano su denti indeboliti da malattie croniche dei tessuti dentali come la \u201c piorrea \u201c e quindi non in grado di contrastarle adeguatamente<\/li>\n<\/ul>\n<p>E\u2019 chiaro che il pi\u00f9 delle volte ci si trover\u00e0 di fronte a casi in cui due o anche tutte tre insieme insieme le condizioni elencate si verificano contemporaneamente . In presenza di occlusione traumatica la terapia di elezione \u00e8 il <strong>\u201c molaggio selettivo \u201c<\/strong> che consiste in piccole modificazioni effettuate dal dentista con il trapano sia su denti naturali malposti che su protesi dentarie che masticano in maniera scorretta al fine di raggiungere una distribuzione delle forze che si scaricano sui denti pi\u00f9 favorevole e permettere alla mandibola una posizione pi\u00f9 corretta a riposo e durante la masticazione .<\/p>\n<p>Talvolta il molaggio selettivo non si pu\u00f2 fare o non \u00e8 sufficiente per cui, per ridurre o annullare i dolori odontogeni e muscolari, \u00e8 necessario costruire una placca occlusale chiamata <strong>\u201cbite\u201c<\/strong>.<\/p>\n<p><a href=\"http:\/\/stomatologicolariano.com\/wp-content\/uploads\/2012\/02\/BITE1.jpg\"><img loading=\"lazy\" class=\"alignleft size-full wp-image-1079\" title=\"BITE1\" src=\"http:\/\/stomatologicolariano.com\/wp-content\/uploads\/2012\/02\/BITE1.jpg\" alt=\"\" width=\"1024\" height=\"614\" srcset=\"https:\/\/stomatologicolariano.com\/wp-content\/uploads\/2012\/02\/BITE1.jpg 1024w, https:\/\/stomatologicolariano.com\/wp-content\/uploads\/2012\/02\/BITE1-300x179.jpg 300w\" sizes=\"(max-width: 1024px) 100vw, 1024px\" \/><\/a><\/p>\n<p>Il bite , dall\u2019inglese \u201cmorso\u201d , \u00e8 un apparecchio rimovibile in resina dura trasparente che inserito sulla superficie occlusale dei denti superiori o inferiori toglie tutti i contatti diretti tra le due arcate eliminando tutte le interferenze tra le arcata dentarie in maniera rapida e indolore .<\/p>\n<p>In genere \u00e8 sufficiente tenerlo inserito in bocca solo di notte talvolta anche qualche ora di giorno . Il bite \u00e8 un utile strumento sia diagnostico per il dentista che terapeutico per il paziente, con il suo utilizzo : si ottiene il rilassamento della muscolatura masticatoria permettendo al dentista di effettuare una corretta manipolazione durante la visita gnatologica e il molaggio selettivo delle interferenze occlusali si possono provare correzioni occlusali prima di finalizzarle con protesi fisse o mobili favorire il rinsaldamento di denti mobili tramite l\u2019eliminazione immediata di interferenze occlusali e mantenerne la stabilit\u00e0 evitare il sovraccarico di pochi elementi dentari distribuendo il contatto sull\u2019intera arcata applicare le forze occlusali a denti da tempo non funzionanti prima di incorporarli in una protesi fissa Infine con il bite si possono annullare i danni del bruxismo e combattere le cefalee tensive di origine occlusale .<\/p>\n<p><a href=\"http:\/\/stomatologicolariano.com\/wp-content\/uploads\/2012\/02\/BITE2.jpg\"><img loading=\"lazy\" class=\"alignleft size-full wp-image-1080\" title=\"BITE2\" src=\"http:\/\/stomatologicolariano.com\/wp-content\/uploads\/2012\/02\/BITE2.jpg\" alt=\"\" width=\"1024\" height=\"567\" srcset=\"https:\/\/stomatologicolariano.com\/wp-content\/uploads\/2012\/02\/BITE2.jpg 1024w, https:\/\/stomatologicolariano.com\/wp-content\/uploads\/2012\/02\/BITE2-300x166.jpg 300w\" sizes=\"(max-width: 1024px) 100vw, 1024px\" \/><\/a><\/p>","protected":false},"excerpt":{"rendered":"<p>Per &#8220;gnatologia&#8221;\u00a0si intende lo studio di tutte quelle funzioni e organi che sono collegati all\u2019 occlusione dei denti sia in situazioni di normalit\u00e0 che in situazioni di patologia: il termine \u201cocclusione \u201c si riferisce letteralmente ai contatti tra i denti delle due arcate dentarie superiore e inferiore sia in una posizione statica a bocca chiusa [&hellip;]<\/p>\n","protected":false},"author":1,"featured_media":0,"parent":48,"menu_order":100,"comment_status":"open","ping_status":"closed","template":"","meta":[],"_links":{"self":[{"href":"https:\/\/stomatologicolariano.com\/it\/wp-json\/wp\/v2\/pages\/138"}],"collection":[{"href":"https:\/\/stomatologicolariano.com\/it\/wp-json\/wp\/v2\/pages"}],"about":[{"href":"https:\/\/stomatologicolariano.com\/it\/wp-json\/wp\/v2\/types\/page"}],"author":[{"embeddable":true,"href":"https:\/\/stomatologicolariano.com\/it\/wp-json\/wp\/v2\/users\/1"}],"replies":[{"embeddable":true,"href":"https:\/\/stomatologicolariano.com\/it\/wp-json\/wp\/v2\/comments?post=138"}],"version-history":[{"count":13,"href":"https:\/\/stomatologicolariano.com\/it\/wp-json\/wp\/v2\/pages\/138\/revisions"}],"predecessor-version":[{"id":2131,"href":"https:\/\/stomatologicolariano.com\/it\/wp-json\/wp\/v2\/pages\/138\/revisions\/2131"}],"up":[{"embeddable":true,"href":"https:\/\/stomatologicolariano.com\/it\/wp-json\/wp\/v2\/pages\/48"}],"wp:attachment":[{"href":"https:\/\/stomatologicolariano.com\/it\/wp-json\/wp\/v2\/media?parent=138"}],"curies":[{"name":"wp","href":"https:\/\/api.w.org\/{rel}","templated":true}]}}