{"id":1305,"date":"2013-11-14T22:32:59","date_gmt":"2013-11-14T21:32:59","guid":{"rendered":"http:\/\/stomatologicolariano.com\/?page_id=1305"},"modified":"2013-11-26T20:06:45","modified_gmt":"2013-11-26T19:06:45","slug":"la-salute-non-e-low-cost-la-qualita-italiana-e-unica-nel-mondo-e-prevale-nel-tempo","status":"publish","type":"page","link":"https:\/\/stomatologicolariano.com\/it\/la-salute-non-e-low-cost-la-qualita-italiana-e-unica-nel-mondo-e-prevale-nel-tempo\/","title":{"rendered":"La salute non \u00e8 low cost&#8230;la qualit\u00e0 italiana \u00e8 unica nel mondo e prevale nel tempo"},"content":{"rendered":"<p><\/p>\n<p><img loading=\"lazy\" class=\"alignright size-full wp-image-1308\" alt=\"italy\" src=\"http:\/\/stomatologicolariano.com\/wp-content\/uploads\/2013\/11\/meeting.jpg\" width=\"800\" height=\"400\" \/><\/p>\n<div style=\"clear:both;height:15px;\"><\/div>\n<p><strong>Parla l\u2019amministratore di STOMATOLOGICO LARIANO &#8211; CLINICHE DENTALI, il Dott.\u00a0Massimo Cianci :<\/strong><\/p>\n<p>\u201c I tempi sono cambiati, la crisi economica non rende tranquille le famiglie italiane.<\/p>\n<p>Aumenta il turismo dentale all\u2019estero e studi odontoiatrici low cost diventano\u00a0sempre pi\u00f9 numerosi. Ma \u00e8 in realt\u00e0 saggio e prudente affidare la propria salute\u00a0e la propria bocca a realt\u00e0 del genere? Ecco i 3 perch\u00e9 affidarsi a Stomatologico\u00a0Lariano:<\/p>\n<p><strong>\u2026 perch\u00e9 Stomatologico Lariano ha una equipe affiatata e competente dove prima\u00a0di tutto viene \u201cascoltare il paziente\u201d<\/strong><\/p>\n<p><strong>\u2026 perch\u00e8 crediamo che professionalit\u00e0,continuo aggiornamento scientifico e\u00a0attrezzature all\u2019avanguardia siano armi vincenti nel tempo<\/strong><\/p>\n<p><strong>\u2026 perch\u00e9 la vita non \u00e8 fatta solo di doveri ma anche di piaceri come sorridere e\u00a0masticare con soddisfazione\u201d.<\/strong><\/p>\n<p>&nbsp;<\/p>\n<p><\/p>","protected":false},"excerpt":{"rendered":"<p>Parla l\u2019amministratore di STOMATOLOGICO LARIANO &#8211; CLINICHE DENTALI, il Dott.\u00a0Massimo Cianci : \u201c I tempi sono cambiati, la crisi economica non rende tranquille le famiglie italiane. Aumenta il turismo dentale all\u2019estero e studi odontoiatrici low cost diventano\u00a0sempre pi\u00f9 numerosi. Ma \u00e8 in realt\u00e0 saggio e prudente affidare la propria salute\u00a0e la propria bocca a realt\u00e0 [&hellip;]<\/p>\n","protected":false},"author":1,"featured_media":0,"parent":0,"menu_order":0,"comment_status":"open","ping_status":"open","template":"","meta":[],"_links":{"self":[{"href":"https:\/\/stomatologicolariano.com\/it\/wp-json\/wp\/v2\/pages\/1305"}],"collection":[{"href":"https:\/\/stomatologicolariano.com\/it\/wp-json\/wp\/v2\/pages"}],"about":[{"href":"https:\/\/stomatologicolariano.com\/it\/wp-json\/wp\/v2\/types\/page"}],"author":[{"embeddable":true,"href":"https:\/\/stomatologicolariano.com\/it\/wp-json\/wp\/v2\/users\/1"}],"replies":[{"embeddable":true,"href":"https:\/\/stomatologicolariano.com\/it\/wp-json\/wp\/v2\/comments?post=1305"}],"version-history":[{"count":5,"href":"https:\/\/stomatologicolariano.com\/it\/wp-json\/wp\/v2\/pages\/1305\/revisions"}],"predecessor-version":[{"id":1317,"href":"https:\/\/stomatologicolariano.com\/it\/wp-json\/wp\/v2\/pages\/1305\/revisions\/1317"}],"wp:attachment":[{"href":"https:\/\/stomatologicolariano.com\/it\/wp-json\/wp\/v2\/media?parent=1305"}],"curies":[{"name":"wp","href":"https:\/\/api.w.org\/{rel}","templated":true}]}}