{"id":1052,"date":"2012-11-10T22:08:47","date_gmt":"2012-11-10T21:08:47","guid":{"rendered":"http:\/\/stomatologicolariano.com\/?page_id=1052"},"modified":"2015-12-18T17:41:30","modified_gmt":"2015-12-18T16:41:30","slug":"dentista-bambini-como-lecco-sondrio","status":"publish","type":"page","link":"https:\/\/stomatologicolariano.com\/it\/dentista-bambini-como-lecco-sondrio\/","title":{"rendered":"Il Dentista per i tuoi Bambini"},"content":{"rendered":"<p><\/p>\n<p><a href=\"http:\/\/stomatologicolariano.com\/wp-content\/uploads\/2012\/11\/bambini.jpg\"><img loading=\"lazy\" class=\"alignnone  wp-image-1054\" title=\"bambini\" src=\"http:\/\/stomatologicolariano.com\/wp-content\/uploads\/2012\/11\/bambini.jpg\" alt=\"\" width=\"525\" height=\"203\" srcset=\"https:\/\/stomatologicolariano.com\/wp-content\/uploads\/2012\/11\/bambini.jpg 583w, https:\/\/stomatologicolariano.com\/wp-content\/uploads\/2012\/11\/bambini-300x116.jpg 300w\" sizes=\"(max-width: 525px) 100vw, 525px\" \/><\/a><\/p>\n<p>I denti del vostro bambino hanno un\u2019importanza particolare per la sua salute.<\/p>\n<p>E\u2019 possibile tenere denti e gengive sane. Fate vedere anche voi che lavate i denti\u00a0(se necessario giocate con lui e lo spazzolino), cos\u00ec l\u2019igiene orale entrer\u00e0 a far parte delle abitudini del vostro bambino.<\/p>\n<p>In famiglia il bambino pu\u00f2 imparare come tenere puliti i denti, come alimentarsi in modo sano e quanto sia importante andare periodicamente dal dentista. La sua prima visita sar\u00e0 un\u2019occasione per prendere confidenza con il personale dello studio.<\/p>\n<p><strong>BIBERON<\/strong><\/p>\n<p>Il biberon \u00e8 responsabile di molte devastazioni patologiche cariose\u00a0dei denti decidui. E\u2019 quindi opportuno non addormentare i bambini con biberon, succhiotti con zucchero o miele. La lunga permanenza degli zuccheri in bocca, promuove la demineralizzazione dello smalto,specie in quelli superiori non protetti dalla lingua.<\/p>\n<p><strong>IGIENE E SPAZZOLAMENTO<\/strong><\/p>\n<p>E\u2019 importante spazzolare i denti dei bambini fin dall\u2019eruzione del primo dente, dapprima con un tampone inumidito e poi con spazzolino a setole morbide e dentifricio a base di fluoro per prevenire la formazione di carie. Sostituirlo ogni 2 mesi o quando esso \u00e8 usurato. Controllare sempre l\u2019efficacia della tecnica di spazzolamento e aiutarlo nel rimuovere bene la placca.<\/p>\n<p><strong>FLUORO<\/strong><\/p>\n<p>Il fluoro \u00e8 un minerale in grado di rafforzare i denti e proteggerli dalla carie. Per prevenire la formazione di carie \u00e8 consigliabile effettuare sedute professionali di fluoro profilassi sin da piccoli e valutare con il vostro pediatra se \u00e8 necessario aumentare il dosaggio con delle compresse di fluoro.<\/p>\n<p><strong>SIGILLATURE<\/strong><\/p>\n<p>La sigillatura consiste nell\u2019applicare una resina nei solchi della\u00a0superficie masticatoria dei denti posteriori (premolari e molari), dove il rischio di carie \u00e8 maggiore. Viene eseguita nel momento in cui i denti permanenti sono spuntati e dopo alcuni anni pu\u00f2 rendersi necessaria la loro riapplicazione. La sigillatura non sconfigge in\u00a0 modo definitivo la carie, per questo \u00e8 molto importante tenere puliti i denti e passare il filo interdentale.\u00a0In alcuni bambini pu\u00f2 esservi la caduta prematura di\u00a0un dente da latte, la quale provoca lo spostamento dei denti adiacenti, impedendo a quello definitivo di erompere correttamente. In questi casi il mantenitore di spazio \u00e8 indicato per preservare lo spazio per l\u2019eruzione del dente definitivo.<\/p>\n<p>La prima visita del vostro bambino \u00e8 indicata all\u2019et\u00e0 di 4\/5 anni. I controlli regolari presso il vostro dentista aiutano a tenere la situazione sotto controllo e quindi ad avere denti e gengive sane.<\/p>\n<p><\/p>","protected":false},"excerpt":{"rendered":"<p>I denti del vostro bambino hanno un\u2019importanza particolare per la sua salute. E\u2019 possibile tenere denti e gengive sane. Fate vedere anche voi che lavate i denti\u00a0(se necessario giocate con lui e lo spazzolino), cos\u00ec l\u2019igiene orale entrer\u00e0 a far parte delle abitudini del vostro bambino. In famiglia il bambino pu\u00f2 imparare come tenere puliti [&hellip;]<\/p>\n","protected":false},"author":1,"featured_media":0,"parent":0,"menu_order":0,"comment_status":"open","ping_status":"open","template":"template_landing.php","meta":[],"_links":{"self":[{"href":"https:\/\/stomatologicolariano.com\/it\/wp-json\/wp\/v2\/pages\/1052"}],"collection":[{"href":"https:\/\/stomatologicolariano.com\/it\/wp-json\/wp\/v2\/pages"}],"about":[{"href":"https:\/\/stomatologicolariano.com\/it\/wp-json\/wp\/v2\/types\/page"}],"author":[{"embeddable":true,"href":"https:\/\/stomatologicolariano.com\/it\/wp-json\/wp\/v2\/users\/1"}],"replies":[{"embeddable":true,"href":"https:\/\/stomatologicolariano.com\/it\/wp-json\/wp\/v2\/comments?post=1052"}],"version-history":[{"count":3,"href":"https:\/\/stomatologicolariano.com\/it\/wp-json\/wp\/v2\/pages\/1052\/revisions"}],"predecessor-version":[{"id":1834,"href":"https:\/\/stomatologicolariano.com\/it\/wp-json\/wp\/v2\/pages\/1052\/revisions\/1834"}],"wp:attachment":[{"href":"https:\/\/stomatologicolariano.com\/it\/wp-json\/wp\/v2\/media?parent=1052"}],"curies":[{"name":"wp","href":"https:\/\/api.w.org\/{rel}","templated":true}]}}