{"id":1019,"date":"2012-11-05T21:27:19","date_gmt":"2012-11-05T20:27:19","guid":{"rendered":"http:\/\/stomatologicolariano.com\/?page_id=1019"},"modified":"2024-05-16T11:29:00","modified_gmt":"2024-05-16T09:29:00","slug":"grazie","status":"publish","type":"page","link":"https:\/\/stomatologicolariano.com\/it\/grazie\/","title":{"rendered":"Grazie"},"content":{"rendered":"<p>Grazie per averci contattato.<\/p>\n<p>Un nostro operatore prender\u00e0 in carico la tua richiesta al pi\u00f9 presto<br \/>\ne ti contatter\u00e0 per fissare il tuo appuntamento.<\/p>\n<p>Stomatologico Lariano<\/p>","protected":false},"excerpt":{"rendered":"<p>Grazie per averci contattato. Un nostro operatore prender\u00e0 in carico la tua richiesta al pi\u00f9 presto e ti contatter\u00e0 per fissare il tuo appuntamento. Stomatologico Lariano<\/p>\n","protected":false},"author":1,"featured_media":0,"parent":0,"menu_order":0,"comment_status":"open","ping_status":"open","template":"template_invia.php","meta":[],"_links":{"self":[{"href":"https:\/\/stomatologicolariano.com\/it\/wp-json\/wp\/v2\/pages\/1019"}],"collection":[{"href":"https:\/\/stomatologicolariano.com\/it\/wp-json\/wp\/v2\/pages"}],"about":[{"href":"https:\/\/stomatologicolariano.com\/it\/wp-json\/wp\/v2\/types\/page"}],"author":[{"embeddable":true,"href":"https:\/\/stomatologicolariano.com\/it\/wp-json\/wp\/v2\/users\/1"}],"replies":[{"embeddable":true,"href":"https:\/\/stomatologicolariano.com\/it\/wp-json\/wp\/v2\/comments?post=1019"}],"version-history":[{"count":5,"href":"https:\/\/stomatologicolariano.com\/it\/wp-json\/wp\/v2\/pages\/1019\/revisions"}],"predecessor-version":[{"id":18410,"href":"https:\/\/stomatologicolariano.com\/it\/wp-json\/wp\/v2\/pages\/1019\/revisions\/18410"}],"wp:attachment":[{"href":"https:\/\/stomatologicolariano.com\/it\/wp-json\/wp\/v2\/media?parent=1019"}],"curies":[{"name":"wp","href":"https:\/\/api.w.org\/{rel}","templated":true}]}}