{"id":1838,"date":"2015-12-24T00:35:05","date_gmt":"2015-12-23T23:35:05","guid":{"rendered":"http:\/\/stomatologicolariano.com\/?page_id=1838"},"modified":"2015-12-30T19:22:57","modified_gmt":"2015-12-30T18:22:57","slug":"puoi-fidarti-del-dentista","status":"publish","type":"page","link":"https:\/\/stomatologicolariano.com\/en\/puoi-fidarti-del-dentista\/","title":{"rendered":"Puoi fidarti del tuo dentista?"},"content":{"rendered":"<p>Per non finire sotto le mani di qualche falso specialista, ecco alcuni consigli che possono aiutare a fare una scelta (non solo economica) sicura e conveniente.<\/p>\n<p>1.\tControlla che sia iscritto all\u2019Albo Professionale<br \/>\nPer prima cosa occorre verificare se il dentista prescelto \u00e8 iscritto all\u2019Albo di categoria su www.fnomceo.it, sezione anagrafica. Se il nominativo non appare nell\u2019elenco, meglio optare per un altro professionista. In seconda istanza \u00e8 opportuno controllare l\u2019appartenenza a un\u2019associazione di categoria: ci sono varie associazioni la pi\u00f9 rappresentativa \u00e8 l&#8217; ANDI.<\/p>\n<p>2.\tDiffida di tempi rapidi e costi bassi<br \/>\nLa qualit\u00e0 in tema denti ha un suo prezzo e bisogna diffidare di preventivi troppo bassi, che promettono tutto e subito.<br \/>\nQuesta non soltanto per una questione monetaria: le strutture ossee e gengivali hanno tempi di guarigione che devono sottostare a ritmi biologici ben definiti che mal si adattano ai trattamenti super rapidi promessi da &#8220;certe strutture\u201d low-cost. A questo proposito \u00e8 bene sottolineare che anche la durata della \u201cseduta\u201d ha una sua importanza: infatti, se da una parte \u00e8 vero che una bocca sana e curata necessit\u00e0 di controlli periodici che il pi\u00f9 delle volte si esauriscono in poche decine di minuti, dall\u2019altra prestazioni troppo rapide sono indice di scarsa attenzione al dettaglio.<\/p>\n<p>3.\tVerifica l\u2019igiene degli strumenti<br \/>\nGli articoli non-critici (poltrona, vassoio, poggiatesta eccetera) devono essere disinfettati con speciali detergenti in grado di eliminare funghi e batteri gi\u00e0 dopo 30 secondi, i principali virus (compresi epatite e Hiv) dopo un minuto e, una volta passati due minuti, anche i virus pi\u00f9 tenaci, quali per esempio gli adenovirus.<br \/>\nGli strumenti critici, invece, poich\u00e9 entrano in contatto con la bocca (e quindi anche con saliva e sangue) devono subire un accurato processo di sterilizzazione.<br \/>\nEsso prevede una serie precisa di passaggi che partono con l&#8217;inserimento degli strumenti in una macchina che lava con acqua calda e disinfettante fino alla fase di sterilizzazione in autoclave, uno speciale macchinario che sottopone gli strumenti a una temperatura di 135\u00b0C ed a una pressione di due atmosfere in grado di distruggere tutti i germi e i batteri presenti su di essi. L\u2019imbustamento di tutti gli strumenti avviene prima dell&#8217;inserimento nell\u2019autoclave: gli strumenti vengono sigillati in una busta che reca impressa la data di sterilizzazione e quella di scadenza e devono essere aperti contestualmente davanti al paziente.<br \/>\nSe il dentista indossa gli occhiali ingrandenti (galileiani o prismatici), non \u00e8 perch\u00e9 non ci vede, ma perch\u00e9 gli permettono di scovare dettagli introvabili a &#8220;occhio nudo&#8221;.<\/p>\n<p>4.\tFai attenzione all\u2019ordine<br \/>\nL\u2019abito non fa il monaco, tuttavia una reception in ordine con personale cortese e pronto a rispondere alle domande con competenza e precisione \u00e8 sicuramente un segno positivo in quanto indica che il dentista ha investito parte delle proprie energie (anche finanziarie) per rendere sicura la permanenza in studio.<br \/>\nNon devono esserci odori strani o di chiuso n\u00e9 luci troppo forti: pu\u00f2 essere piacevole la presenza di un sottofondo musicale, ma ci\u00f2 che conta \u00e8 la pulizia, che deve essere ineccepibile. Niente capelli o laniccio a terra, n\u00e9 cestini pieni. Vetri ben puliti e tende fresche di bucato sono un ottimo biglietto da visita.<\/p>\n<p>E\u2019 inoltre importante che alla persona venga fatta compilare la scheda anamnestica, con la storia della sua salute e lo stile di vita del paziente.<\/p>\n<p>5.\tVedi se usa la \u201cdiga\u201d<br \/>\nE\u2019importante che in sede di intervento, il professionista utilizzi un apparecchio, dal nome \u201cdiga di gomma\u201d, che isola il \u201ccampo operativo\u201d ed evita che cadano in bocca schegge o residui di materiali. \u201cOvviamente alle persone intolleranti al lattice e simili si applica una diga specifica latex free.<br \/>\n<\/p>","protected":false},"excerpt":{"rendered":"<p>Per non finire sotto le mani di qualche falso specialista, ecco alcuni consigli che possono aiutare a fare una scelta (non solo economica) sicura e conveniente. 1. Controlla che sia iscritto all\u2019Albo Professionale Per prima cosa occorre verificare se il dentista prescelto \u00e8 iscritto all\u2019Albo di categoria su www.fnomceo.it, sezione anagrafica. Se il nominativo non [&hellip;]<\/p>\n","protected":false},"author":1,"featured_media":0,"parent":0,"menu_order":0,"comment_status":"closed","ping_status":"closed","template":"","meta":[],"_links":{"self":[{"href":"https:\/\/stomatologicolariano.com\/en\/wp-json\/wp\/v2\/pages\/1838"}],"collection":[{"href":"https:\/\/stomatologicolariano.com\/en\/wp-json\/wp\/v2\/pages"}],"about":[{"href":"https:\/\/stomatologicolariano.com\/en\/wp-json\/wp\/v2\/types\/page"}],"author":[{"embeddable":true,"href":"https:\/\/stomatologicolariano.com\/en\/wp-json\/wp\/v2\/users\/1"}],"replies":[{"embeddable":true,"href":"https:\/\/stomatologicolariano.com\/en\/wp-json\/wp\/v2\/comments?post=1838"}],"version-history":[{"count":3,"href":"https:\/\/stomatologicolariano.com\/en\/wp-json\/wp\/v2\/pages\/1838\/revisions"}],"predecessor-version":[{"id":1847,"href":"https:\/\/stomatologicolariano.com\/en\/wp-json\/wp\/v2\/pages\/1838\/revisions\/1847"}],"wp:attachment":[{"href":"https:\/\/stomatologicolariano.com\/en\/wp-json\/wp\/v2\/media?parent=1838"}],"curies":[{"name":"wp","href":"https:\/\/api.w.org\/{rel}","templated":true}]}}