{"id":1305,"date":"2013-11-14T22:32:59","date_gmt":"2013-11-14T21:32:59","guid":{"rendered":"http:\/\/stomatologicolariano.com\/?page_id=1305"},"modified":"2013-11-26T20:06:45","modified_gmt":"2013-11-26T19:06:45","slug":"la-salute-non-e-low-cost-la-qualita-italiana-e-unica-nel-mondo-e-prevale-nel-tempo","status":"publish","type":"page","link":"https:\/\/stomatologicolariano.com\/en\/la-salute-non-e-low-cost-la-qualita-italiana-e-unica-nel-mondo-e-prevale-nel-tempo\/","title":{"rendered":"(Italiano) La salute non \u00e8 low cost&#8230;la qualit\u00e0 italiana \u00e8 unica nel mondo e prevale nel tempo"},"content":{"rendered":"<p class=\"qtranxs-available-languages-message qtranxs-available-languages-message-en\">Sorry, this entry is only available in <a href=\"https:\/\/stomatologicolariano.com\/it\/wp-json\/wp\/v2\/pages\/1305\" class=\"qtranxs-available-language-link qtranxs-available-language-link-it\" title=\"Italiano\">Italian<\/a>.<\/p>","protected":false},"excerpt":{"rendered":"<p>Sorry, this entry is only available in Italian.<\/p>\n","protected":false},"author":1,"featured_media":0,"parent":0,"menu_order":0,"comment_status":"open","ping_status":"open","template":"","meta":[],"_links":{"self":[{"href":"https:\/\/stomatologicolariano.com\/en\/wp-json\/wp\/v2\/pages\/1305"}],"collection":[{"href":"https:\/\/stomatologicolariano.com\/en\/wp-json\/wp\/v2\/pages"}],"about":[{"href":"https:\/\/stomatologicolariano.com\/en\/wp-json\/wp\/v2\/types\/page"}],"author":[{"embeddable":true,"href":"https:\/\/stomatologicolariano.com\/en\/wp-json\/wp\/v2\/users\/1"}],"replies":[{"embeddable":true,"href":"https:\/\/stomatologicolariano.com\/en\/wp-json\/wp\/v2\/comments?post=1305"}],"version-history":[{"count":5,"href":"https:\/\/stomatologicolariano.com\/en\/wp-json\/wp\/v2\/pages\/1305\/revisions"}],"predecessor-version":[{"id":1317,"href":"https:\/\/stomatologicolariano.com\/en\/wp-json\/wp\/v2\/pages\/1305\/revisions\/1317"}],"wp:attachment":[{"href":"https:\/\/stomatologicolariano.com\/en\/wp-json\/wp\/v2\/media?parent=1305"}],"curies":[{"name":"wp","href":"https:\/\/api.w.org\/{rel}","templated":true}]}}